{"id":2897,"date":"2025-02-03T10:00:58","date_gmt":"2025-02-03T14:00:58","guid":{"rendered":"https:\/\/emsasigma.com\/?page_id=2897"},"modified":"2025-09-01T18:25:34","modified_gmt":"2025-09-01T22:25:34","slug":"vigas","status":"publish","type":"page","link":"https:\/\/emsasigma.com\/ru\/catalogo-productos\/vigas\/","title":{"rendered":"\u0411\u0430\u043b\u043a\u0438"},"content":{"rendered":"<div data-elementor-type=\"wp-page\" data-elementor-id=\"2897\" class=\"elementor elementor-2897\" data-elementor-post-type=\"page\">\n\t\t\t\t\t\t<section class=\"elementor-section elementor-top-section elementor-element elementor-element-e6aac0d elementor-section-height-min-height elementor-section-items-stretch elementor-section-boxed elementor-section-height-default\" data-id=\"e6aac0d\" data-element_type=\"section\" data-settings=\"{&quot;background_background&quot;:&quot;classic&quot;}\">\n\t\t\t\t\t\t\t<div class=\"elementor-background-overlay\"><\/div>\n\t\t\t\t\t\t\t<div class=\"elementor-container elementor-column-gap-default\">\n\t\t\t\t\t<div class=\"elementor-column elementor-col-50 elementor-top-column elementor-element elementor-element-d851448\" data-id=\"d851448\" data-element_type=\"column\">\n\t\t\t<div class=\"elementor-widget-wrap elementor-element-populated\">\n\t\t\t\t\t\t<div class=\"elementor-element elementor-element-1715a4f elementor-widget elementor-widget-heading\" data-id=\"1715a4f\" data-element_type=\"widget\" data-widget_type=\"heading.default\">\n\t\t\t\t<div class=\"elementor-widget-container\">\n\t\t\t\t\t<h3 class=\"elementor-heading-title elementor-size-default\"><a href=\"\/ru\/catalogo-productos\/repuestos-jumbo\/\">\u0417\u0430\u043f\u0430\u0441\u043d\u044b\u0435 \u0447\u0430\u0441\u0442\u0438 \u0434\u043b\u044f \u0433\u0438\u0434\u0440\u0430\u0432\u043b\u0438\u0447\u0435\u0441\u043a\u0438\u0445 \u0434\u0436\u0430\u043c\u0431\u043e<\/a><\/h3>\t\t\t\t<\/div>\n\t\t\t\t<\/div>\n\t\t\t\t<div class=\"elementor-element elementor-element-7081449 elementor-widget elementor-widget-heading\" data-id=\"7081449\" data-element_type=\"widget\" data-widget_type=\"heading.default\">\n\t\t\t\t<div class=\"elementor-widget-container\">\n\t\t\t\t\t<h1 class=\"elementor-heading-title elementor-size-default\">\u0411\u0430\u043b\u043a\u0438, \u043a\u0430\u0440\u0443\u0441\u0435\u043b\u044c, \u043c\u0430\u043d\u0438\u043f\u0443\u043b\u044f\u0442\u043e\u0440\u044b \u0438 \u0437\u0430\u0436\u0438\u043c\u044b<\/h1>\t\t\t\t<\/div>\n\t\t\t\t<\/div>\n\t\t\t\t\t<\/div>\n\t\t<\/div>\n\t\t\t\t<div class=\"elementor-column elementor-col-50 elementor-top-column elementor-element elementor-element-09bf754\" data-id=\"09bf754\" data-element_type=\"column\">\n\t\t\t<div class=\"elementor-widget-wrap\">\n\t\t\t\t\t\t\t<\/div>\n\t\t<\/div>\n\t\t\t\t\t<\/div>\n\t\t<\/section>\n\t\t\t\t<section class=\"elementor-section elementor-top-section elementor-element elementor-element-5c86f16 elementor-section-boxed elementor-section-height-default elementor-section-height-default\" data-id=\"5c86f16\" data-element_type=\"section\">\n\t\t\t\t\t\t<div class=\"elementor-container elementor-column-gap-default\">\n\t\t\t\t\t<div class=\"elementor-column elementor-col-100 elementor-top-column elementor-element elementor-element-e329e08\" data-id=\"e329e08\" data-element_type=\"column\">\n\t\t\t<div class=\"elementor-widget-wrap elementor-element-populated\">\n\t\t\t\t\t\t<div class=\"elementor-element elementor-element-b97a63b elementor-widget elementor-widget-spacer\" data-id=\"b97a63b\" data-element_type=\"widget\" data-widget_type=\"spacer.default\">\n\t\t\t\t<div class=\"elementor-widget-container\">\n\t\t\t\t\t\t\t<div class=\"elementor-spacer\">\n\t\t\t<div class=\"elementor-spacer-inner\"><\/div>\n\t\t<\/div>\n\t\t\t\t\t\t<\/div>\n\t\t\t\t<\/div>\n\t\t\t\t<section class=\"elementor-section elementor-inner-section elementor-element elementor-element-21c5046 elementor-section-boxed elementor-section-height-default elementor-section-height-default\" data-id=\"21c5046\" data-element_type=\"section\">\n\t\t\t\t\t\t<div class=\"elementor-container elementor-column-gap-default\">\n\t\t\t\t\t<div class=\"elementor-column elementor-col-33 elementor-inner-column elementor-element elementor-element-5fd4241\" data-id=\"5fd4241\" data-element_type=\"column\">\n\t\t\t<div class=\"elementor-widget-wrap elementor-element-populated\">\n\t\t\t\t\t\t<div class=\"elementor-element elementor-element-69c79b0 elementor-widget elementor-widget-image\" data-id=\"69c79b0\" data-element_type=\"widget\" data-widget_type=\"image.default\">\n\t\t\t\t<div class=\"elementor-widget-container\">\n\t\t\t\t\t\t\t\t\t\t\t\t\t\t\t<img fetchpriority=\"high\" decoding=\"async\" width=\"686\" height=\"375\" src=\"https:\/\/emsasigma.com\/wp-content\/uploads\/2025\/09\/EM-BMHT-1000-.webp\" class=\"attachment-large size-large wp-image-4452\" alt=\"\" srcset=\"https:\/\/emsasigma.com\/wp-content\/uploads\/2025\/09\/EM-BMHT-1000-.webp 686w, https:\/\/emsasigma.com\/wp-content\/uploads\/2025\/09\/EM-BMHT-1000--300x164.webp 300w, https:\/\/emsasigma.com\/wp-content\/uploads\/2025\/09\/EM-BMHT-1000--18x10.webp 18w, https:\/\/emsasigma.com\/wp-content\/uploads\/2025\/09\/EM-BMHT-1000--600x328.webp 600w\" sizes=\"(max-width: 686px) 100vw, 686px\" \/>\t\t\t\t\t\t\t\t\t\t\t\t\t\t\t<\/div>\n\t\t\t\t<\/div>\n\t\t\t\t<div class=\"elementor-element elementor-element-4d68bcf elementor-widget elementor-widget-heading\" data-id=\"4d68bcf\" data-element_type=\"widget\" data-widget_type=\"heading.default\">\n\t\t\t\t<div class=\"elementor-widget-container\">\n\t\t\t\t\t<h2 class=\"elementor-heading-title elementor-size-default\">\u0411\u0430\u043b\u043a\u0438<\/h2>\t\t\t\t<\/div>\n\t\t\t\t<\/div>\n\t\t\t\t<div class=\"elementor-element elementor-element-2f5aa61 elementor-align-center elementor-widget elementor-widget-button\" data-id=\"2f5aa61\" data-element_type=\"widget\" data-widget_type=\"button.default\">\n\t\t\t\t<div class=\"elementor-widget-container\">\n\t\t\t\t\t\t\t\t\t<div class=\"elementor-button-wrapper\">\n\t\t\t\t\t<a class=\"elementor-button elementor-button-link elementor-size-sm\" href=\"#elementor-action%3Aaction%3Dpopup%3Aopen%26settings%3DeyJpZCI6IjQwNTAiLCJ0b2dnbGUiOmZhbHNlfQ%3D%3D\" target=\"_blank\">\n\t\t\t\t\t\t<span class=\"elementor-button-content-wrapper\">\n\t\t\t\t\t\t<span class=\"elementor-button-icon\">\n\t\t\t\t<i aria-hidden=\"true\" class=\"fas fa-search-plus\"><\/i>\t\t\t<\/span>\n\t\t\t\t\t\t\t\t\t<span class=\"elementor-button-text\">\u0421\u043c\u043e\u0442\u0440\u0435\u0442\u044c \u0431\u043e\u043b\u044c\u0448\u0435<\/span>\n\t\t\t\t\t<\/span>\n\t\t\t\t\t<\/a>\n\t\t\t\t<\/div>\n\t\t\t\t\t\t\t\t<\/div>\n\t\t\t\t<\/div>\n\t\t\t\t\t<\/div>\n\t\t<\/div>\n\t\t\t\t<div class=\"elementor-column elementor-col-33 elementor-inner-column elementor-element elementor-element-e9d14cc\" data-id=\"e9d14cc\" data-element_type=\"column\">\n\t\t\t<div class=\"elementor-widget-wrap elementor-element-populated\">\n\t\t\t\t\t\t<div class=\"elementor-element elementor-element-083edb4 elementor-widget elementor-widget-image\" data-id=\"083edb4\" data-element_type=\"widget\" data-widget_type=\"image.default\">\n\t\t\t\t<div class=\"elementor-widget-container\">\n\t\t\t\t\t\t\t\t\t\t\t\t\t\t\t<img decoding=\"async\" width=\"686\" height=\"375\" data-src=\"https:\/\/emsasigma.com\/wp-content\/uploads\/2023\/06\/Brazos-Mordaza-1.webp\" class=\"attachment-large size-large wp-image-242 lazyload\" alt=\"\" data-srcset=\"https:\/\/emsasigma.com\/wp-content\/uploads\/2023\/06\/Brazos-Mordaza-1.webp 686w, https:\/\/emsasigma.com\/wp-content\/uploads\/2023\/06\/Brazos-Mordaza-1-300x164.webp 300w\" data-sizes=\"(max-width: 686px) 100vw, 686px\" src=\"data:image\/svg+xml;base64,PHN2ZyB3aWR0aD0iMSIgaGVpZ2h0PSIxIiB4bWxucz0iaHR0cDovL3d3dy53My5vcmcvMjAwMC9zdmciPjwvc3ZnPg==\" style=\"--smush-placeholder-width: 686px; --smush-placeholder-aspect-ratio: 686\/375;\" \/>\t\t\t\t\t\t\t\t\t\t\t\t\t\t\t<\/div>\n\t\t\t\t<\/div>\n\t\t\t\t<div class=\"elementor-element elementor-element-76c9472 elementor-widget elementor-widget-heading\" data-id=\"76c9472\" data-element_type=\"widget\" data-widget_type=\"heading.default\">\n\t\t\t\t<div class=\"elementor-widget-container\">\n\t\t\t\t\t<h2 class=\"elementor-heading-title elementor-size-default\">\u0421\u0442\u0440\u0435\u043b\u044b<\/h2>\t\t\t\t<\/div>\n\t\t\t\t<\/div>\n\t\t\t\t<div class=\"elementor-element elementor-element-bf062c9 elementor-align-center elementor-widget elementor-widget-button\" data-id=\"bf062c9\" data-element_type=\"widget\" data-widget_type=\"button.default\">\n\t\t\t\t<div class=\"elementor-widget-container\">\n\t\t\t\t\t\t\t\t\t<div class=\"elementor-button-wrapper\">\n\t\t\t\t\t<a class=\"elementor-button elementor-button-link elementor-size-sm\" href=\"\/ru\/formulario-de-cotizacion\/\" target=\"_blank\">\n\t\t\t\t\t\t<span class=\"elementor-button-content-wrapper\">\n\t\t\t\t\t\t\t\t\t<span class=\"elementor-button-text\">\u041e\u0446\u0435\u043d\u0438\u0442\u044c<\/span>\n\t\t\t\t\t<\/span>\n\t\t\t\t\t<\/a>\n\t\t\t\t<\/div>\n\t\t\t\t\t\t\t\t<\/div>\n\t\t\t\t<\/div>\n\t\t\t\t\t<\/div>\n\t\t<\/div>\n\t\t\t\t<div class=\"elementor-column elementor-col-33 elementor-inner-column elementor-element elementor-element-ac552ca\" data-id=\"ac552ca\" data-element_type=\"column\">\n\t\t\t<div class=\"elementor-widget-wrap elementor-element-populated\">\n\t\t\t\t\t\t<div class=\"elementor-element elementor-element-e05d793 elementor-widget elementor-widget-image\" data-id=\"e05d793\" data-element_type=\"widget\" data-widget_type=\"image.default\">\n\t\t\t\t<div class=\"elementor-widget-container\">\n\t\t\t\t\t\t\t\t\t\t\t\t\t\t\t<img decoding=\"async\" width=\"1024\" height=\"683\" data-src=\"https:\/\/emsasigma.com\/wp-content\/uploads\/2025\/09\/Mordazas_enhanced-1024x683.webp\" class=\"attachment-large size-large wp-image-4454 lazyload\" alt=\"\" data-srcset=\"https:\/\/emsasigma.com\/wp-content\/uploads\/2025\/09\/Mordazas_enhanced-1024x683.webp 1024w, https:\/\/emsasigma.com\/wp-content\/uploads\/2025\/09\/Mordazas_enhanced-300x200.webp 300w, https:\/\/emsasigma.com\/wp-content\/uploads\/2025\/09\/Mordazas_enhanced-768x512.webp 768w, https:\/\/emsasigma.com\/wp-content\/uploads\/2025\/09\/Mordazas_enhanced-18x12.webp 18w, https:\/\/emsasigma.com\/wp-content\/uploads\/2025\/09\/Mordazas_enhanced-600x400.webp 600w, https:\/\/emsasigma.com\/wp-content\/uploads\/2025\/09\/Mordazas_enhanced.webp 1500w\" data-sizes=\"(max-width: 1024px) 100vw, 1024px\" src=\"data:image\/svg+xml;base64,PHN2ZyB3aWR0aD0iMSIgaGVpZ2h0PSIxIiB4bWxucz0iaHR0cDovL3d3dy53My5vcmcvMjAwMC9zdmciPjwvc3ZnPg==\" style=\"--smush-placeholder-width: 1024px; --smush-placeholder-aspect-ratio: 1024\/683;\" \/>\t\t\t\t\t\t\t\t\t\t\t\t\t\t\t<\/div>\n\t\t\t\t<\/div>\n\t\t\t\t<div class=\"elementor-element elementor-element-fb15256 elementor-widget elementor-widget-heading\" data-id=\"fb15256\" data-element_type=\"widget\" data-widget_type=\"heading.default\">\n\t\t\t\t<div class=\"elementor-widget-container\">\n\t\t\t\t\t<h2 class=\"elementor-heading-title elementor-size-default\">\u0417\u0430\u0436\u0438\u043c\u044b<\/h2>\t\t\t\t<\/div>\n\t\t\t\t<\/div>\n\t\t\t\t<div class=\"elementor-element elementor-element-beb8ef2 elementor-align-center elementor-widget elementor-widget-button\" data-id=\"beb8ef2\" data-element_type=\"widget\" data-widget_type=\"button.default\">\n\t\t\t\t<div class=\"elementor-widget-container\">\n\t\t\t\t\t\t\t\t\t<div class=\"elementor-button-wrapper\">\n\t\t\t\t\t<a class=\"elementor-button elementor-button-link elementor-size-sm\" href=\"\/ru\/formulario-de-cotizacion\/\" target=\"_blank\">\n\t\t\t\t\t\t<span class=\"elementor-button-content-wrapper\">\n\t\t\t\t\t\t\t\t\t<span class=\"elementor-button-text\">\u041e\u0446\u0435\u043d\u0438\u0442\u044c<\/span>\n\t\t\t\t\t<\/span>\n\t\t\t\t\t<\/a>\n\t\t\t\t<\/div>\n\t\t\t\t\t\t\t\t<\/div>\n\t\t\t\t<\/div>\n\t\t\t\t\t<\/div>\n\t\t<\/div>\n\t\t\t\t\t<\/div>\n\t\t<\/section>\n\t\t\t\t<div class=\"elementor-element elementor-element-ceb9be2 elementor-widget elementor-widget-spacer\" data-id=\"ceb9be2\" data-element_type=\"widget\" data-widget_type=\"spacer.default\">\n\t\t\t\t<div class=\"elementor-widget-container\">\n\t\t\t\t\t\t\t<div class=\"elementor-spacer\">\n\t\t\t<div class=\"elementor-spacer-inner\"><\/div>\n\t\t<\/div>\n\t\t\t\t\t\t<\/div>\n\t\t\t\t<\/div>\n\t\t\t\t\t<\/div>\n\t\t<\/div>\n\t\t\t\t\t<\/div>\n\t\t<\/section>\n\t\t\t\t<\/div>","protected":false},"excerpt":{"rendered":"<p>\u2190 Repuestos para Jumbos Hidr\u00e1ulicos Vigas, Carrusel, Brazos &amp; Mordazas Vigas Ver M\u00e1s Brazos Cotizar Mordazas Cotizar<\/p>","protected":false},"author":8,"featured_media":0,"parent":2736,"menu_order":0,"comment_status":"closed","ping_status":"closed","template":"","meta":{"site-sidebar-layout":"no-sidebar","site-content-layout":"page-builder","ast-site-content-layout":"full-width-container","site-content-style":"unboxed","site-sidebar-style":"unboxed","ast-global-header-display":"","ast-banner-title-visibility":"","ast-main-header-display":"","ast-hfb-above-header-display":"","ast-hfb-below-header-display":"","ast-hfb-mobile-header-display":"","site-post-title":"disabled","ast-breadcrumbs-content":"","ast-featured-img":"disabled","footer-sml-layout":"","theme-transparent-header-meta":"","adv-header-id-meta":"","stick-header-meta":"","header-above-stick-meta":"","header-main-stick-meta":"","header-below-stick-meta":"","astra-migrate-meta-layouts":"set","ast-page-background-enabled":"default","ast-page-background-meta":{"desktop":{"background-color":"var(--ast-global-color-4)","background-image":"","background-repeat":"repeat","background-position":"center center","background-size":"auto","background-attachment":"scroll","background-type":"","background-media":"","overlay-type":"","overlay-color":"","overlay-opacity":"","overlay-gradient":""},"tablet":{"background-color":"","background-image":"","background-repeat":"repeat","background-position":"center center","background-size":"auto","background-attachment":"scroll","background-type":"","background-media":"","overlay-type":"","overlay-color":"","overlay-opacity":"","overlay-gradient":""},"mobile":{"background-color":"","background-image":"","background-repeat":"repeat","background-position":"center center","background-size":"auto","background-attachment":"scroll","background-type":"","background-media":"","overlay-type":"","overlay-color":"","overlay-opacity":"","overlay-gradient":""}},"ast-content-background-meta":{"desktop":{"background-color":"var(--ast-global-color-5)","background-image":"","background-repeat":"repeat","background-position":"center center","background-size":"auto","background-attachment":"scroll","background-type":"","background-media":"","overlay-type":"","overlay-color":"","overlay-opacity":"","overlay-gradient":""},"tablet":{"background-color":"var(--ast-global-color-5)","background-image":"","background-repeat":"repeat","background-position":"center center","background-size":"auto","background-attachment":"scroll","background-type":"","background-media":"","overlay-type":"","overlay-color":"","overlay-opacity":"","overlay-gradient":""},"mobile":{"background-color":"var(--ast-global-color-5)","background-image":"","background-repeat":"repeat","background-position":"center center","background-size":"auto","background-attachment":"scroll","background-type":"","background-media":"","overlay-type":"","overlay-color":"","overlay-opacity":"","overlay-gradient":""}},"footnotes":""},"class_list":["post-2897","page","type-page","status-publish","hentry"],"yoast_head":"<!-- This site is optimized with the Yoast SEO plugin v26.1 - https:\/\/yoast.com\/wordpress\/plugins\/seo\/ -->\n<title>Vigas | Equipos Mineros Chile<\/title>\n<meta name=\"description\" content=\"Puedes comunicarte con Equipos Mineros a trav\u00e9s del Tel\u00e9fono (+56) 2 3296 3779. Direcci\u00f3n: Col\u00f3n 2005, Independencia. Regi\u00f3n Metropolitana. Chile\" \/>\n<meta name=\"robots\" content=\"index, follow, max-snippet:-1, max-image-preview:large, max-video-preview:-1\" \/>\n<link rel=\"canonical\" href=\"https:\/\/emsasigma.com\/ru\/catalogo-productos\/vigas\/\" \/>\n<meta property=\"og:locale\" content=\"ru_RU\" \/>\n<meta property=\"og:type\" content=\"article\" \/>\n<meta property=\"og:title\" content=\"Vigas | Equipos Mineros Chile\" \/>\n<meta property=\"og:description\" content=\"Puedes comunicarte con Equipos Mineros a trav\u00e9s del Tel\u00e9fono (+56) 2 3296 3779. Direcci\u00f3n: Col\u00f3n 2005, Independencia. Regi\u00f3n Metropolitana. Chile\" \/>\n<meta property=\"og:url\" content=\"https:\/\/emsasigma.com\/ru\/catalogo-productos\/vigas\/\" \/>\n<meta property=\"og:site_name\" content=\"Equipos Mineros\" \/>\n<meta property=\"article:modified_time\" content=\"2025-09-01T22:25:34+00:00\" \/>\n<meta property=\"og:image\" content=\"https:\/\/emsasigma.com\/wp-content\/uploads\/2025\/09\/EM-BMHT-1000-.webp\" \/>\n<meta name=\"twitter:card\" content=\"summary_large_image\" \/>\n<meta name=\"twitter:label1\" content=\"\u041f\u0440\u0438\u043c\u0435\u0440\u043d\u043e\u0435 \u0432\u0440\u0435\u043c\u044f \u0434\u043b\u044f \u0447\u0442\u0435\u043d\u0438\u044f\" \/>\n\t<meta name=\"twitter:data1\" content=\"1 \u043c\u0438\u043d\u0443\u0442\u0430\" \/>\n<script type=\"application\/ld+json\" class=\"yoast-schema-graph\">{\"@context\":\"https:\/\/schema.org\",\"@graph\":[{\"@type\":\"WebPage\",\"@id\":\"https:\/\/emsasigma.com\/catalogo-productos\/vigas\/\",\"url\":\"https:\/\/emsasigma.com\/catalogo-productos\/vigas\/\",\"name\":\"Vigas | Equipos Mineros Chile\",\"isPartOf\":{\"@id\":\"https:\/\/emsasigma.com\/pt\/#website\"},\"primaryImageOfPage\":{\"@id\":\"https:\/\/emsasigma.com\/catalogo-productos\/vigas\/#primaryimage\"},\"image\":{\"@id\":\"https:\/\/emsasigma.com\/catalogo-productos\/vigas\/#primaryimage\"},\"thumbnailUrl\":\"https:\/\/emsasigma.com\/wp-content\/uploads\/2025\/09\/EM-BMHT-1000-.webp\",\"datePublished\":\"2025-02-03T14:00:58+00:00\",\"dateModified\":\"2025-09-01T22:25:34+00:00\",\"description\":\"Puedes comunicarte con Equipos Mineros a trav\u00e9s del Tel\u00e9fono (+56) 2 3296 3779. Direcci\u00f3n: Col\u00f3n 2005, Independencia. Regi\u00f3n Metropolitana. Chile\",\"breadcrumb\":{\"@id\":\"https:\/\/emsasigma.com\/catalogo-productos\/vigas\/#breadcrumb\"},\"inLanguage\":\"ru-RU\",\"potentialAction\":[{\"@type\":\"ReadAction\",\"target\":[\"https:\/\/emsasigma.com\/catalogo-productos\/vigas\/\"]}]},{\"@type\":\"ImageObject\",\"inLanguage\":\"ru-RU\",\"@id\":\"https:\/\/emsasigma.com\/catalogo-productos\/vigas\/#primaryimage\",\"url\":\"https:\/\/emsasigma.com\/wp-content\/uploads\/2025\/09\/EM-BMHT-1000-.webp\",\"contentUrl\":\"https:\/\/emsasigma.com\/wp-content\/uploads\/2025\/09\/EM-BMHT-1000-.webp\"},{\"@type\":\"BreadcrumbList\",\"@id\":\"https:\/\/emsasigma.com\/catalogo-productos\/vigas\/#breadcrumb\",\"itemListElement\":[{\"@type\":\"ListItem\",\"position\":1,\"name\":\"Portada\",\"item\":\"https:\/\/emsasigma.com\/\"},{\"@type\":\"ListItem\",\"position\":2,\"name\":\"Cat\u00e1logo de Productos\",\"item\":\"https:\/\/emsasigma.com\/catalogo-productos\/\"},{\"@type\":\"ListItem\",\"position\":3,\"name\":\"Vigas\"}]},{\"@type\":\"WebSite\",\"@id\":\"https:\/\/emsasigma.com\/pt\/#website\",\"url\":\"https:\/\/emsasigma.com\/pt\/\",\"name\":\"Equipos Mineros\",\"description\":\"\",\"publisher\":{\"@id\":\"https:\/\/emsasigma.com\/pt\/#organization\"},\"potentialAction\":[{\"@type\":\"SearchAction\",\"target\":{\"@type\":\"EntryPoint\",\"urlTemplate\":\"https:\/\/emsasigma.com\/pt\/?s={search_term_string}\"},\"query-input\":{\"@type\":\"PropertyValueSpecification\",\"valueRequired\":true,\"valueName\":\"search_term_string\"}}],\"inLanguage\":\"ru-RU\"},{\"@type\":\"Organization\",\"@id\":\"https:\/\/emsasigma.com\/pt\/#organization\",\"name\":\"Equipos Mineros\",\"url\":\"https:\/\/emsasigma.com\/pt\/\",\"logo\":{\"@type\":\"ImageObject\",\"inLanguage\":\"ru-RU\",\"@id\":\"https:\/\/emsasigma.com\/pt\/#\/schema\/logo\/image\/\",\"url\":\"https:\/\/emsasigma.com\/wp-content\/uploads\/2023\/07\/Favicon.webp\",\"contentUrl\":\"https:\/\/emsasigma.com\/wp-content\/uploads\/2023\/07\/Favicon.webp\",\"width\":500,\"height\":500,\"caption\":\"Equipos Mineros\"},\"image\":{\"@id\":\"https:\/\/emsasigma.com\/pt\/#\/schema\/logo\/image\/\"},\"sameAs\":[\"https:\/\/www.linkedin.com\/company\/equipos-mineros-emsa-ltda\/about\/\"]}]}<\/script>\n<!-- \/ Yoast SEO plugin. -->","yoast_head_json":{"title":"Vigas | Equipos Mineros Chile","description":"Puedes comunicarte con Equipos Mineros a trav\u00e9s del Tel\u00e9fono (+56) 2 3296 3779. Direcci\u00f3n: Col\u00f3n 2005, Independencia. Regi\u00f3n Metropolitana. Chile","robots":{"index":"index","follow":"follow","max-snippet":"max-snippet:-1","max-image-preview":"max-image-preview:large","max-video-preview":"max-video-preview:-1"},"canonical":"https:\/\/emsasigma.com\/ru\/catalogo-productos\/vigas\/","og_locale":"ru_RU","og_type":"article","og_title":"Vigas | Equipos Mineros Chile","og_description":"Puedes comunicarte con Equipos Mineros a trav\u00e9s del Tel\u00e9fono (+56) 2 3296 3779. Direcci\u00f3n: Col\u00f3n 2005, Independencia. Regi\u00f3n Metropolitana. Chile","og_url":"https:\/\/emsasigma.com\/ru\/catalogo-productos\/vigas\/","og_site_name":"Equipos Mineros","article_modified_time":"2025-09-01T22:25:34+00:00","og_image":[{"url":"https:\/\/emsasigma.com\/wp-content\/uploads\/2025\/09\/EM-BMHT-1000-.webp","type":"","width":"","height":""}],"twitter_card":"summary_large_image","twitter_misc":{"\u041f\u0440\u0438\u043c\u0435\u0440\u043d\u043e\u0435 \u0432\u0440\u0435\u043c\u044f \u0434\u043b\u044f \u0447\u0442\u0435\u043d\u0438\u044f":"1 \u043c\u0438\u043d\u0443\u0442\u0430"},"schema":{"@context":"https:\/\/schema.org","@graph":[{"@type":"WebPage","@id":"https:\/\/emsasigma.com\/catalogo-productos\/vigas\/","url":"https:\/\/emsasigma.com\/catalogo-productos\/vigas\/","name":"Vigas | Equipos Mineros Chile","isPartOf":{"@id":"https:\/\/emsasigma.com\/pt\/#website"},"primaryImageOfPage":{"@id":"https:\/\/emsasigma.com\/catalogo-productos\/vigas\/#primaryimage"},"image":{"@id":"https:\/\/emsasigma.com\/catalogo-productos\/vigas\/#primaryimage"},"thumbnailUrl":"https:\/\/emsasigma.com\/wp-content\/uploads\/2025\/09\/EM-BMHT-1000-.webp","datePublished":"2025-02-03T14:00:58+00:00","dateModified":"2025-09-01T22:25:34+00:00","description":"Puedes comunicarte con Equipos Mineros a trav\u00e9s del Tel\u00e9fono (+56) 2 3296 3779. Direcci\u00f3n: Col\u00f3n 2005, Independencia. Regi\u00f3n Metropolitana. Chile","breadcrumb":{"@id":"https:\/\/emsasigma.com\/catalogo-productos\/vigas\/#breadcrumb"},"inLanguage":"ru-RU","potentialAction":[{"@type":"ReadAction","target":["https:\/\/emsasigma.com\/catalogo-productos\/vigas\/"]}]},{"@type":"ImageObject","inLanguage":"ru-RU","@id":"https:\/\/emsasigma.com\/catalogo-productos\/vigas\/#primaryimage","url":"https:\/\/emsasigma.com\/wp-content\/uploads\/2025\/09\/EM-BMHT-1000-.webp","contentUrl":"https:\/\/emsasigma.com\/wp-content\/uploads\/2025\/09\/EM-BMHT-1000-.webp"},{"@type":"BreadcrumbList","@id":"https:\/\/emsasigma.com\/catalogo-productos\/vigas\/#breadcrumb","itemListElement":[{"@type":"ListItem","position":1,"name":"Portada","item":"https:\/\/emsasigma.com\/"},{"@type":"ListItem","position":2,"name":"Cat\u00e1logo de Productos","item":"https:\/\/emsasigma.com\/catalogo-productos\/"},{"@type":"ListItem","position":3,"name":"Vigas"}]},{"@type":"WebSite","@id":"https:\/\/emsasigma.com\/pt\/#website","url":"https:\/\/emsasigma.com\/pt\/","name":"Equipos Mineros","description":"","publisher":{"@id":"https:\/\/emsasigma.com\/pt\/#organization"},"potentialAction":[{"@type":"SearchAction","target":{"@type":"EntryPoint","urlTemplate":"https:\/\/emsasigma.com\/pt\/?s={search_term_string}"},"query-input":{"@type":"PropertyValueSpecification","valueRequired":true,"valueName":"search_term_string"}}],"inLanguage":"ru-RU"},{"@type":"Organization","@id":"https:\/\/emsasigma.com\/pt\/#organization","name":"Equipos Mineros","url":"https:\/\/emsasigma.com\/pt\/","logo":{"@type":"ImageObject","inLanguage":"ru-RU","@id":"https:\/\/emsasigma.com\/pt\/#\/schema\/logo\/image\/","url":"https:\/\/emsasigma.com\/wp-content\/uploads\/2023\/07\/Favicon.webp","contentUrl":"https:\/\/emsasigma.com\/wp-content\/uploads\/2023\/07\/Favicon.webp","width":500,"height":500,"caption":"Equipos Mineros"},"image":{"@id":"https:\/\/emsasigma.com\/pt\/#\/schema\/logo\/image\/"},"sameAs":["https:\/\/www.linkedin.com\/company\/equipos-mineros-emsa-ltda\/about\/"]}]}},"_links":{"self":[{"href":"https:\/\/emsasigma.com\/ru\/wp-json\/wp\/v2\/pages\/2897","targetHints":{"allow":["GET"]}}],"collection":[{"href":"https:\/\/emsasigma.com\/ru\/wp-json\/wp\/v2\/pages"}],"about":[{"href":"https:\/\/emsasigma.com\/ru\/wp-json\/wp\/v2\/types\/page"}],"author":[{"embeddable":true,"href":"https:\/\/emsasigma.com\/ru\/wp-json\/wp\/v2\/users\/8"}],"replies":[{"embeddable":true,"href":"https:\/\/emsasigma.com\/ru\/wp-json\/wp\/v2\/comments?post=2897"}],"version-history":[{"count":54,"href":"https:\/\/emsasigma.com\/ru\/wp-json\/wp\/v2\/pages\/2897\/revisions"}],"predecessor-version":[{"id":4457,"href":"https:\/\/emsasigma.com\/ru\/wp-json\/wp\/v2\/pages\/2897\/revisions\/4457"}],"up":[{"embeddable":true,"href":"https:\/\/emsasigma.com\/ru\/wp-json\/wp\/v2\/pages\/2736"}],"wp:attachment":[{"href":"https:\/\/emsasigma.com\/ru\/wp-json\/wp\/v2\/media?parent=2897"}],"curies":[{"name":"wp","href":"https:\/\/api.w.org\/{rel}","templated":true}]}}