{"id":2745,"date":"2025-01-21T09:57:12","date_gmt":"2025-01-21T13:57:12","guid":{"rendered":"https:\/\/emsasigma.com\/?page_id=2745"},"modified":"2025-08-20T08:48:47","modified_gmt":"2025-08-20T12:48:47","slug":"repuestos-palas","status":"publish","type":"page","link":"https:\/\/emsasigma.com\/ru\/catalogo-productos\/repuestos-palas\/","title":{"rendered":"\u0437\u0430\u043f\u0447\u0430\u0441\u0442\u0438 \u043a\u043e\u0432\u0448\u0435\u0439"},"content":{"rendered":"<div data-elementor-type=\"wp-page\" data-elementor-id=\"2745\" class=\"elementor elementor-2745\" data-elementor-post-type=\"page\">\n\t\t\t\t\t\t<section class=\"elementor-section elementor-top-section elementor-element elementor-element-e6aac0d elementor-section-height-min-height elementor-section-items-stretch elementor-section-boxed elementor-section-height-default\" data-id=\"e6aac0d\" data-element_type=\"section\" data-settings=\"{&quot;background_background&quot;:&quot;classic&quot;}\">\n\t\t\t\t\t\t\t<div class=\"elementor-background-overlay\"><\/div>\n\t\t\t\t\t\t\t<div class=\"elementor-container elementor-column-gap-default\">\n\t\t\t\t\t<div class=\"elementor-column elementor-col-50 elementor-top-column elementor-element elementor-element-d851448\" data-id=\"d851448\" data-element_type=\"column\">\n\t\t\t<div class=\"elementor-widget-wrap elementor-element-populated\">\n\t\t\t\t\t\t<div class=\"elementor-element elementor-element-09d1c7a elementor-widget elementor-widget-heading\" data-id=\"09d1c7a\" data-element_type=\"widget\" data-widget_type=\"heading.default\">\n\t\t\t\t<div class=\"elementor-widget-container\">\n\t\t\t\t\t<h3 class=\"elementor-heading-title elementor-size-default\"><a href=\"\/ru\/catalogo-productos\/biela-palas\/\">\u0417\u0430\u043f\u0430\u0441\u043d\u044b\u0435 \u0447\u0430\u0441\u0442\u0438 \u0434\u043b\u044f \u043a\u043e\u0432\u0448\u0435\u0439<\/a><\/h3>\t\t\t\t<\/div>\n\t\t\t\t<\/div>\n\t\t\t\t<div class=\"elementor-element elementor-element-7081449 elementor-widget elementor-widget-heading\" data-id=\"7081449\" data-element_type=\"widget\" data-widget_type=\"heading.default\">\n\t\t\t\t<div class=\"elementor-widget-container\">\n\t\t\t\t\t<h1 class=\"elementor-heading-title elementor-size-default\">\u041a\u043e\u0432\u0448\u0438, \u0448\u0430\u0442\u0443\u043d\u044b, \u0448\u0442\u0438\u0444\u0442\u044b, \u0432\u0442\u0443\u043b\u043a\u0438 \u0438 \u0448\u0435\u0441\u0442\u0435\u0440\u043d\u0438<\/h1>\t\t\t\t<\/div>\n\t\t\t\t<\/div>\n\t\t\t\t\t<\/div>\n\t\t<\/div>\n\t\t\t\t<div class=\"elementor-column elementor-col-50 elementor-top-column elementor-element elementor-element-09bf754\" data-id=\"09bf754\" data-element_type=\"column\">\n\t\t\t<div class=\"elementor-widget-wrap\">\n\t\t\t\t\t\t\t<\/div>\n\t\t<\/div>\n\t\t\t\t\t<\/div>\n\t\t<\/section>\n\t\t\t\t<section class=\"elementor-section elementor-top-section elementor-element elementor-element-5c86f16 elementor-section-boxed elementor-section-height-default elementor-section-height-default\" data-id=\"5c86f16\" data-element_type=\"section\">\n\t\t\t\t\t\t<div class=\"elementor-container elementor-column-gap-default\">\n\t\t\t\t\t<div class=\"elementor-column elementor-col-33 elementor-top-column elementor-element elementor-element-e329e08\" data-id=\"e329e08\" data-element_type=\"column\">\n\t\t\t<div class=\"elementor-widget-wrap elementor-element-populated\">\n\t\t\t\t\t\t<section class=\"elementor-section elementor-inner-section elementor-element elementor-element-21c5046 elementor-section-boxed elementor-section-height-default elementor-section-height-default\" data-id=\"21c5046\" data-element_type=\"section\">\n\t\t\t\t\t\t<div class=\"elementor-container elementor-column-gap-default\">\n\t\t\t\t\t<div class=\"elementor-column elementor-col-100 elementor-inner-column elementor-element elementor-element-5fd4241\" data-id=\"5fd4241\" data-element_type=\"column\">\n\t\t\t<div class=\"elementor-widget-wrap elementor-element-populated\">\n\t\t\t\t\t\t<div class=\"elementor-element elementor-element-69c79b0 elementor-widget elementor-widget-image\" data-id=\"69c79b0\" data-element_type=\"widget\" data-widget_type=\"image.default\">\n\t\t\t\t<div class=\"elementor-widget-container\">\n\t\t\t\t\t\t\t\t\t\t\t\t\t\t\t<img fetchpriority=\"high\" decoding=\"async\" width=\"686\" height=\"375\" src=\"https:\/\/emsasigma.com\/wp-content\/uploads\/2023\/06\/Biela-Pala.webp\" class=\"attachment-large size-large wp-image-1152\" alt=\"\" srcset=\"https:\/\/emsasigma.com\/wp-content\/uploads\/2023\/06\/Biela-Pala.webp 686w, https:\/\/emsasigma.com\/wp-content\/uploads\/2023\/06\/Biela-Pala-300x164.webp 300w, https:\/\/emsasigma.com\/wp-content\/uploads\/2023\/06\/Biela-Pala-18x10.webp 18w\" sizes=\"(max-width: 686px) 100vw, 686px\" \/>\t\t\t\t\t\t\t\t\t\t\t\t\t\t\t<\/div>\n\t\t\t\t<\/div>\n\t\t\t\t<div class=\"elementor-element elementor-element-4d68bcf elementor-widget elementor-widget-heading\" data-id=\"4d68bcf\" data-element_type=\"widget\" data-widget_type=\"heading.default\">\n\t\t\t\t<div class=\"elementor-widget-container\">\n\t\t\t\t\t<h2 class=\"elementor-heading-title elementor-size-default\">\u0428\u0430\u0442\u0443\u043d\u044b \u0438 \u043a\u043e\u0432\u0448\u0438<\/h2>\t\t\t\t<\/div>\n\t\t\t\t<\/div>\n\t\t\t\t<div class=\"elementor-element elementor-element-2f5aa61 elementor-align-center elementor-widget elementor-widget-button\" data-id=\"2f5aa61\" data-element_type=\"widget\" data-widget_type=\"button.default\">\n\t\t\t\t<div class=\"elementor-widget-container\">\n\t\t\t\t\t\t\t\t\t<div class=\"elementor-button-wrapper\">\n\t\t\t\t\t<a class=\"elementor-button elementor-button-link elementor-size-sm\" href=\"\/ru\/formulario-de-cotizacion\/\" target=\"_blank\">\n\t\t\t\t\t\t<span class=\"elementor-button-content-wrapper\">\n\t\t\t\t\t\t\t\t\t<span class=\"elementor-button-text\">\u0421\u043c\u043e\u0442\u0440\u0435\u0442\u044c \u0431\u043e\u043b\u044c\u0448\u0435<\/span>\n\t\t\t\t\t<\/span>\n\t\t\t\t\t<\/a>\n\t\t\t\t<\/div>\n\t\t\t\t\t\t\t\t<\/div>\n\t\t\t\t<\/div>\n\t\t\t\t\t<\/div>\n\t\t<\/div>\n\t\t\t\t\t<\/div>\n\t\t<\/section>\n\t\t\t\t<div class=\"elementor-element elementor-element-ceb9be2 elementor-widget elementor-widget-spacer\" data-id=\"ceb9be2\" data-element_type=\"widget\" data-widget_type=\"spacer.default\">\n\t\t\t\t<div class=\"elementor-widget-container\">\n\t\t\t\t\t\t\t<div class=\"elementor-spacer\">\n\t\t\t<div class=\"elementor-spacer-inner\"><\/div>\n\t\t<\/div>\n\t\t\t\t\t\t<\/div>\n\t\t\t\t<\/div>\n\t\t\t\t\t<\/div>\n\t\t<\/div>\n\t\t\t\t<div class=\"elementor-column elementor-col-33 elementor-top-column elementor-element elementor-element-8c452fa\" data-id=\"8c452fa\" data-element_type=\"column\">\n\t\t\t<div class=\"elementor-widget-wrap elementor-element-populated\">\n\t\t\t\t\t\t<div class=\"elementor-element elementor-element-8c09c4b elementor-widget elementor-widget-image\" data-id=\"8c09c4b\" data-element_type=\"widget\" data-widget_type=\"image.default\">\n\t\t\t\t<div class=\"elementor-widget-container\">\n\t\t\t\t\t\t\t\t\t\t\t\t\t\t\t<img decoding=\"async\" width=\"686\" height=\"375\" data-src=\"https:\/\/emsasigma.com\/wp-content\/uploads\/2023\/06\/Pasadores-y-Bujes-1.webp\" class=\"attachment-large size-large wp-image-249 lazyload\" alt=\"\" data-srcset=\"https:\/\/emsasigma.com\/wp-content\/uploads\/2023\/06\/Pasadores-y-Bujes-1.webp 686w, https:\/\/emsasigma.com\/wp-content\/uploads\/2023\/06\/Pasadores-y-Bujes-1-300x164.webp 300w\" data-sizes=\"(max-width: 686px) 100vw, 686px\" src=\"data:image\/svg+xml;base64,PHN2ZyB3aWR0aD0iMSIgaGVpZ2h0PSIxIiB4bWxucz0iaHR0cDovL3d3dy53My5vcmcvMjAwMC9zdmciPjwvc3ZnPg==\" style=\"--smush-placeholder-width: 686px; --smush-placeholder-aspect-ratio: 686\/375;\" \/>\t\t\t\t\t\t\t\t\t\t\t\t\t\t\t<\/div>\n\t\t\t\t<\/div>\n\t\t\t\t<div class=\"elementor-element elementor-element-14d6782 elementor-widget elementor-widget-heading\" data-id=\"14d6782\" data-element_type=\"widget\" data-widget_type=\"heading.default\">\n\t\t\t\t<div class=\"elementor-widget-container\">\n\t\t\t\t\t<h2 class=\"elementor-heading-title elementor-size-default\">\u0428\u0442\u0438\u0444\u0442\u044b \u0438 \u0432\u0442\u0443\u043b\u043a\u0438<\/h2>\t\t\t\t<\/div>\n\t\t\t\t<\/div>\n\t\t\t\t<div class=\"elementor-element elementor-element-80f1623 elementor-align-center elementor-widget elementor-widget-button\" data-id=\"80f1623\" data-element_type=\"widget\" data-widget_type=\"button.default\">\n\t\t\t\t<div class=\"elementor-widget-container\">\n\t\t\t\t\t\t\t\t\t<div class=\"elementor-button-wrapper\">\n\t\t\t\t\t<a class=\"elementor-button elementor-button-link elementor-size-sm\" href=\"\/ru\/formulario-de-cotizacion\/\" target=\"_blank\">\n\t\t\t\t\t\t<span class=\"elementor-button-content-wrapper\">\n\t\t\t\t\t\t\t\t\t<span class=\"elementor-button-text\">\u0421\u043c\u043e\u0442\u0440\u0435\u0442\u044c \u0431\u043e\u043b\u044c\u0448\u0435<\/span>\n\t\t\t\t\t<\/span>\n\t\t\t\t\t<\/a>\n\t\t\t\t<\/div>\n\t\t\t\t\t\t\t\t<\/div>\n\t\t\t\t<\/div>\n\t\t\t\t\t<\/div>\n\t\t<\/div>\n\t\t\t\t<div class=\"elementor-column elementor-col-33 elementor-top-column elementor-element elementor-element-44e3adf\" data-id=\"44e3adf\" data-element_type=\"column\">\n\t\t\t<div class=\"elementor-widget-wrap elementor-element-populated\">\n\t\t\t\t\t\t<div class=\"elementor-element elementor-element-50633d9 elementor-widget elementor-widget-image\" data-id=\"50633d9\" data-element_type=\"widget\" data-widget_type=\"image.default\">\n\t\t\t\t<div class=\"elementor-widget-container\">\n\t\t\t\t\t\t\t\t\t\t\t\t\t\t\t<img decoding=\"async\" width=\"686\" height=\"375\" data-src=\"https:\/\/emsasigma.com\/wp-content\/uploads\/2023\/06\/Engranajes.webp\" class=\"attachment-large size-large wp-image-1148 lazyload\" alt=\"\" data-srcset=\"https:\/\/emsasigma.com\/wp-content\/uploads\/2023\/06\/Engranajes.webp 686w, https:\/\/emsasigma.com\/wp-content\/uploads\/2023\/06\/Engranajes-300x164.webp 300w, https:\/\/emsasigma.com\/wp-content\/uploads\/2023\/06\/Engranajes-18x10.webp 18w\" data-sizes=\"(max-width: 686px) 100vw, 686px\" src=\"data:image\/svg+xml;base64,PHN2ZyB3aWR0aD0iMSIgaGVpZ2h0PSIxIiB4bWxucz0iaHR0cDovL3d3dy53My5vcmcvMjAwMC9zdmciPjwvc3ZnPg==\" style=\"--smush-placeholder-width: 686px; --smush-placeholder-aspect-ratio: 686\/375;\" \/>\t\t\t\t\t\t\t\t\t\t\t\t\t\t\t<\/div>\n\t\t\t\t<\/div>\n\t\t\t\t<div class=\"elementor-element elementor-element-b4dbcb7 elementor-widget elementor-widget-heading\" data-id=\"b4dbcb7\" data-element_type=\"widget\" data-widget_type=\"heading.default\">\n\t\t\t\t<div class=\"elementor-widget-container\">\n\t\t\t\t\t<h2 class=\"elementor-heading-title elementor-size-default\">\u0428\u0435\u0441\u0442\u0435\u0440\u043d\u0438<\/h2>\t\t\t\t<\/div>\n\t\t\t\t<\/div>\n\t\t\t\t<div class=\"elementor-element elementor-element-dffa147 elementor-align-center elementor-widget elementor-widget-button\" data-id=\"dffa147\" data-element_type=\"widget\" data-widget_type=\"button.default\">\n\t\t\t\t<div class=\"elementor-widget-container\">\n\t\t\t\t\t\t\t\t\t<div class=\"elementor-button-wrapper\">\n\t\t\t\t\t<a class=\"elementor-button elementor-button-link elementor-size-sm\" href=\"\/ru\/formulario-de-cotizacion\/\" target=\"_blank\">\n\t\t\t\t\t\t<span class=\"elementor-button-content-wrapper\">\n\t\t\t\t\t\t\t\t\t<span class=\"elementor-button-text\">\u0421\u043c\u043e\u0442\u0440\u0435\u0442\u044c \u0431\u043e\u043b\u044c\u0448\u0435<\/span>\n\t\t\t\t\t<\/span>\n\t\t\t\t\t<\/a>\n\t\t\t\t<\/div>\n\t\t\t\t\t\t\t\t<\/div>\n\t\t\t\t<\/div>\n\t\t\t\t\t<\/div>\n\t\t<\/div>\n\t\t\t\t\t<\/div>\n\t\t<\/section>\n\t\t\t\t<\/div>","protected":false},"excerpt":{"rendered":"<p>\u2190 Repuestos para Palas Palas, Bielas, Pasadores, Bujes &amp; Engranajes BIELAS &amp; PALAS Ver M\u00e1s PASADORES &amp; BUJES Ver M\u00e1s ENGRANAJES Ver M\u00e1s<\/p>","protected":false},"author":8,"featured_media":0,"parent":2736,"menu_order":0,"comment_status":"closed","ping_status":"closed","template":"","meta":{"site-sidebar-layout":"no-sidebar","site-content-layout":"page-builder","ast-site-content-layout":"full-width-container","site-content-style":"unboxed","site-sidebar-style":"unboxed","ast-global-header-display":"","ast-banner-title-visibility":"","ast-main-header-display":"","ast-hfb-above-header-display":"","ast-hfb-below-header-display":"","ast-hfb-mobile-header-display":"","site-post-title":"disabled","ast-breadcrumbs-content":"","ast-featured-img":"disabled","footer-sml-layout":"","theme-transparent-header-meta":"","adv-header-id-meta":"","stick-header-meta":"","header-above-stick-meta":"","header-main-stick-meta":"","header-below-stick-meta":"","astra-migrate-meta-layouts":"set","ast-page-background-enabled":"default","ast-page-background-meta":{"desktop":{"background-color":"var(--ast-global-color-4)","background-image":"","background-repeat":"repeat","background-position":"center center","background-size":"auto","background-attachment":"scroll","background-type":"","background-media":"","overlay-type":"","overlay-color":"","overlay-opacity":"","overlay-gradient":""},"tablet":{"background-color":"","background-image":"","background-repeat":"repeat","background-position":"center center","background-size":"auto","background-attachment":"scroll","background-type":"","background-media":"","overlay-type":"","overlay-color":"","overlay-opacity":"","overlay-gradient":""},"mobile":{"background-color":"","background-image":"","background-repeat":"repeat","background-position":"center center","background-size":"auto","background-attachment":"scroll","background-type":"","background-media":"","overlay-type":"","overlay-color":"","overlay-opacity":"","overlay-gradient":""}},"ast-content-background-meta":{"desktop":{"background-color":"var(--ast-global-color-5)","background-image":"","background-repeat":"repeat","background-position":"center center","background-size":"auto","background-attachment":"scroll","background-type":"","background-media":"","overlay-type":"","overlay-color":"","overlay-opacity":"","overlay-gradient":""},"tablet":{"background-color":"var(--ast-global-color-5)","background-image":"","background-repeat":"repeat","background-position":"center center","background-size":"auto","background-attachment":"scroll","background-type":"","background-media":"","overlay-type":"","overlay-color":"","overlay-opacity":"","overlay-gradient":""},"mobile":{"background-color":"var(--ast-global-color-5)","background-image":"","background-repeat":"repeat","background-position":"center center","background-size":"auto","background-attachment":"scroll","background-type":"","background-media":"","overlay-type":"","overlay-color":"","overlay-opacity":"","overlay-gradient":""}},"footnotes":""},"class_list":["post-2745","page","type-page","status-publish","hentry"],"yoast_head":"<!-- This site is optimized with the Yoast SEO plugin v26.1 - https:\/\/yoast.com\/wordpress\/plugins\/seo\/ -->\n<title>Repuestos palas | Equipos Mineros Chile<\/title>\n<meta name=\"description\" content=\"Puedes comunicarte con Equipos Mineros a trav\u00e9s del Tel\u00e9fono (+56) 2 3296 3779. Direcci\u00f3n: Col\u00f3n 2005, Independencia. Regi\u00f3n Metropolitana. Chile\" \/>\n<meta name=\"robots\" content=\"index, follow, max-snippet:-1, max-image-preview:large, max-video-preview:-1\" \/>\n<link rel=\"canonical\" href=\"https:\/\/emsasigma.com\/ru\/catalogo-productos\/repuestos-palas\/\" \/>\n<meta property=\"og:locale\" content=\"ru_RU\" \/>\n<meta property=\"og:type\" content=\"article\" \/>\n<meta property=\"og:title\" content=\"Repuestos palas | Equipos Mineros Chile\" \/>\n<meta property=\"og:description\" content=\"Puedes comunicarte con Equipos Mineros a trav\u00e9s del Tel\u00e9fono (+56) 2 3296 3779. Direcci\u00f3n: Col\u00f3n 2005, Independencia. Regi\u00f3n Metropolitana. Chile\" \/>\n<meta property=\"og:url\" content=\"https:\/\/emsasigma.com\/ru\/catalogo-productos\/repuestos-palas\/\" \/>\n<meta property=\"og:site_name\" content=\"Equipos Mineros\" \/>\n<meta property=\"article:modified_time\" content=\"2025-08-20T12:48:47+00:00\" \/>\n<meta property=\"og:image\" content=\"https:\/\/emsasigma.com\/wp-content\/uploads\/2023\/06\/Biela-Pala.webp\" \/>\n\t<meta property=\"og:image:width\" content=\"686\" \/>\n\t<meta property=\"og:image:height\" content=\"375\" \/>\n\t<meta property=\"og:image:type\" content=\"image\/webp\" \/>\n<meta name=\"twitter:card\" content=\"summary_large_image\" \/>\n<meta name=\"twitter:label1\" content=\"\u041f\u0440\u0438\u043c\u0435\u0440\u043d\u043e\u0435 \u0432\u0440\u0435\u043c\u044f \u0434\u043b\u044f \u0447\u0442\u0435\u043d\u0438\u044f\" \/>\n\t<meta name=\"twitter:data1\" content=\"1 \u043c\u0438\u043d\u0443\u0442\u0430\" \/>\n<script type=\"application\/ld+json\" class=\"yoast-schema-graph\">{\"@context\":\"https:\/\/schema.org\",\"@graph\":[{\"@type\":\"WebPage\",\"@id\":\"https:\/\/emsasigma.com\/catalogo-productos\/repuestos-palas\/\",\"url\":\"https:\/\/emsasigma.com\/catalogo-productos\/repuestos-palas\/\",\"name\":\"Repuestos palas | Equipos Mineros Chile\",\"isPartOf\":{\"@id\":\"https:\/\/emsasigma.com\/pt\/#website\"},\"primaryImageOfPage\":{\"@id\":\"https:\/\/emsasigma.com\/catalogo-productos\/repuestos-palas\/#primaryimage\"},\"image\":{\"@id\":\"https:\/\/emsasigma.com\/catalogo-productos\/repuestos-palas\/#primaryimage\"},\"thumbnailUrl\":\"https:\/\/emsasigma.com\/wp-content\/uploads\/2023\/06\/Biela-Pala.webp\",\"datePublished\":\"2025-01-21T13:57:12+00:00\",\"dateModified\":\"2025-08-20T12:48:47+00:00\",\"description\":\"Puedes comunicarte con Equipos Mineros a trav\u00e9s del Tel\u00e9fono (+56) 2 3296 3779. Direcci\u00f3n: Col\u00f3n 2005, Independencia. Regi\u00f3n Metropolitana. Chile\",\"breadcrumb\":{\"@id\":\"https:\/\/emsasigma.com\/catalogo-productos\/repuestos-palas\/#breadcrumb\"},\"inLanguage\":\"ru-RU\",\"potentialAction\":[{\"@type\":\"ReadAction\",\"target\":[\"https:\/\/emsasigma.com\/catalogo-productos\/repuestos-palas\/\"]}]},{\"@type\":\"ImageObject\",\"inLanguage\":\"ru-RU\",\"@id\":\"https:\/\/emsasigma.com\/catalogo-productos\/repuestos-palas\/#primaryimage\",\"url\":\"https:\/\/emsasigma.com\/wp-content\/uploads\/2023\/06\/Biela-Pala.webp\",\"contentUrl\":\"https:\/\/emsasigma.com\/wp-content\/uploads\/2023\/06\/Biela-Pala.webp\"},{\"@type\":\"BreadcrumbList\",\"@id\":\"https:\/\/emsasigma.com\/catalogo-productos\/repuestos-palas\/#breadcrumb\",\"itemListElement\":[{\"@type\":\"ListItem\",\"position\":1,\"name\":\"Portada\",\"item\":\"https:\/\/emsasigma.com\/\"},{\"@type\":\"ListItem\",\"position\":2,\"name\":\"Cat\u00e1logo de Productos\",\"item\":\"https:\/\/emsasigma.com\/catalogo-productos\/\"},{\"@type\":\"ListItem\",\"position\":3,\"name\":\"Repuestos palas\"}]},{\"@type\":\"WebSite\",\"@id\":\"https:\/\/emsasigma.com\/pt\/#website\",\"url\":\"https:\/\/emsasigma.com\/pt\/\",\"name\":\"Equipos Mineros\",\"description\":\"\",\"publisher\":{\"@id\":\"https:\/\/emsasigma.com\/pt\/#organization\"},\"potentialAction\":[{\"@type\":\"SearchAction\",\"target\":{\"@type\":\"EntryPoint\",\"urlTemplate\":\"https:\/\/emsasigma.com\/pt\/?s={search_term_string}\"},\"query-input\":{\"@type\":\"PropertyValueSpecification\",\"valueRequired\":true,\"valueName\":\"search_term_string\"}}],\"inLanguage\":\"ru-RU\"},{\"@type\":\"Organization\",\"@id\":\"https:\/\/emsasigma.com\/pt\/#organization\",\"name\":\"Equipos Mineros\",\"url\":\"https:\/\/emsasigma.com\/pt\/\",\"logo\":{\"@type\":\"ImageObject\",\"inLanguage\":\"ru-RU\",\"@id\":\"https:\/\/emsasigma.com\/pt\/#\/schema\/logo\/image\/\",\"url\":\"https:\/\/emsasigma.com\/wp-content\/uploads\/2023\/07\/Favicon.webp\",\"contentUrl\":\"https:\/\/emsasigma.com\/wp-content\/uploads\/2023\/07\/Favicon.webp\",\"width\":500,\"height\":500,\"caption\":\"Equipos Mineros\"},\"image\":{\"@id\":\"https:\/\/emsasigma.com\/pt\/#\/schema\/logo\/image\/\"},\"sameAs\":[\"https:\/\/www.linkedin.com\/company\/equipos-mineros-emsa-ltda\/about\/\"]}]}<\/script>\n<!-- \/ Yoast SEO plugin. -->","yoast_head_json":{"title":"Repuestos palas | Equipos Mineros Chile","description":"Puedes comunicarte con Equipos Mineros a trav\u00e9s del Tel\u00e9fono (+56) 2 3296 3779. Direcci\u00f3n: Col\u00f3n 2005, Independencia. Regi\u00f3n Metropolitana. Chile","robots":{"index":"index","follow":"follow","max-snippet":"max-snippet:-1","max-image-preview":"max-image-preview:large","max-video-preview":"max-video-preview:-1"},"canonical":"https:\/\/emsasigma.com\/ru\/catalogo-productos\/repuestos-palas\/","og_locale":"ru_RU","og_type":"article","og_title":"Repuestos palas | Equipos Mineros Chile","og_description":"Puedes comunicarte con Equipos Mineros a trav\u00e9s del Tel\u00e9fono (+56) 2 3296 3779. Direcci\u00f3n: Col\u00f3n 2005, Independencia. Regi\u00f3n Metropolitana. Chile","og_url":"https:\/\/emsasigma.com\/ru\/catalogo-productos\/repuestos-palas\/","og_site_name":"Equipos Mineros","article_modified_time":"2025-08-20T12:48:47+00:00","og_image":[{"width":686,"height":375,"url":"https:\/\/emsasigma.com\/wp-content\/uploads\/2023\/06\/Biela-Pala.webp","type":"image\/webp"}],"twitter_card":"summary_large_image","twitter_misc":{"\u041f\u0440\u0438\u043c\u0435\u0440\u043d\u043e\u0435 \u0432\u0440\u0435\u043c\u044f \u0434\u043b\u044f \u0447\u0442\u0435\u043d\u0438\u044f":"1 \u043c\u0438\u043d\u0443\u0442\u0430"},"schema":{"@context":"https:\/\/schema.org","@graph":[{"@type":"WebPage","@id":"https:\/\/emsasigma.com\/catalogo-productos\/repuestos-palas\/","url":"https:\/\/emsasigma.com\/catalogo-productos\/repuestos-palas\/","name":"Repuestos palas | Equipos Mineros Chile","isPartOf":{"@id":"https:\/\/emsasigma.com\/pt\/#website"},"primaryImageOfPage":{"@id":"https:\/\/emsasigma.com\/catalogo-productos\/repuestos-palas\/#primaryimage"},"image":{"@id":"https:\/\/emsasigma.com\/catalogo-productos\/repuestos-palas\/#primaryimage"},"thumbnailUrl":"https:\/\/emsasigma.com\/wp-content\/uploads\/2023\/06\/Biela-Pala.webp","datePublished":"2025-01-21T13:57:12+00:00","dateModified":"2025-08-20T12:48:47+00:00","description":"Puedes comunicarte con Equipos Mineros a trav\u00e9s del Tel\u00e9fono (+56) 2 3296 3779. Direcci\u00f3n: Col\u00f3n 2005, Independencia. Regi\u00f3n Metropolitana. Chile","breadcrumb":{"@id":"https:\/\/emsasigma.com\/catalogo-productos\/repuestos-palas\/#breadcrumb"},"inLanguage":"ru-RU","potentialAction":[{"@type":"ReadAction","target":["https:\/\/emsasigma.com\/catalogo-productos\/repuestos-palas\/"]}]},{"@type":"ImageObject","inLanguage":"ru-RU","@id":"https:\/\/emsasigma.com\/catalogo-productos\/repuestos-palas\/#primaryimage","url":"https:\/\/emsasigma.com\/wp-content\/uploads\/2023\/06\/Biela-Pala.webp","contentUrl":"https:\/\/emsasigma.com\/wp-content\/uploads\/2023\/06\/Biela-Pala.webp"},{"@type":"BreadcrumbList","@id":"https:\/\/emsasigma.com\/catalogo-productos\/repuestos-palas\/#breadcrumb","itemListElement":[{"@type":"ListItem","position":1,"name":"Portada","item":"https:\/\/emsasigma.com\/"},{"@type":"ListItem","position":2,"name":"Cat\u00e1logo de Productos","item":"https:\/\/emsasigma.com\/catalogo-productos\/"},{"@type":"ListItem","position":3,"name":"Repuestos palas"}]},{"@type":"WebSite","@id":"https:\/\/emsasigma.com\/pt\/#website","url":"https:\/\/emsasigma.com\/pt\/","name":"Equipos Mineros","description":"","publisher":{"@id":"https:\/\/emsasigma.com\/pt\/#organization"},"potentialAction":[{"@type":"SearchAction","target":{"@type":"EntryPoint","urlTemplate":"https:\/\/emsasigma.com\/pt\/?s={search_term_string}"},"query-input":{"@type":"PropertyValueSpecification","valueRequired":true,"valueName":"search_term_string"}}],"inLanguage":"ru-RU"},{"@type":"Organization","@id":"https:\/\/emsasigma.com\/pt\/#organization","name":"Equipos Mineros","url":"https:\/\/emsasigma.com\/pt\/","logo":{"@type":"ImageObject","inLanguage":"ru-RU","@id":"https:\/\/emsasigma.com\/pt\/#\/schema\/logo\/image\/","url":"https:\/\/emsasigma.com\/wp-content\/uploads\/2023\/07\/Favicon.webp","contentUrl":"https:\/\/emsasigma.com\/wp-content\/uploads\/2023\/07\/Favicon.webp","width":500,"height":500,"caption":"Equipos Mineros"},"image":{"@id":"https:\/\/emsasigma.com\/pt\/#\/schema\/logo\/image\/"},"sameAs":["https:\/\/www.linkedin.com\/company\/equipos-mineros-emsa-ltda\/about\/"]}]}},"_links":{"self":[{"href":"https:\/\/emsasigma.com\/ru\/wp-json\/wp\/v2\/pages\/2745","targetHints":{"allow":["GET"]}}],"collection":[{"href":"https:\/\/emsasigma.com\/ru\/wp-json\/wp\/v2\/pages"}],"about":[{"href":"https:\/\/emsasigma.com\/ru\/wp-json\/wp\/v2\/types\/page"}],"author":[{"embeddable":true,"href":"https:\/\/emsasigma.com\/ru\/wp-json\/wp\/v2\/users\/8"}],"replies":[{"embeddable":true,"href":"https:\/\/emsasigma.com\/ru\/wp-json\/wp\/v2\/comments?post=2745"}],"version-history":[{"count":62,"href":"https:\/\/emsasigma.com\/ru\/wp-json\/wp\/v2\/pages\/2745\/revisions"}],"predecessor-version":[{"id":4229,"href":"https:\/\/emsasigma.com\/ru\/wp-json\/wp\/v2\/pages\/2745\/revisions\/4229"}],"up":[{"embeddable":true,"href":"https:\/\/emsasigma.com\/ru\/wp-json\/wp\/v2\/pages\/2736"}],"wp:attachment":[{"href":"https:\/\/emsasigma.com\/ru\/wp-json\/wp\/v2\/media?parent=2745"}],"curies":[{"name":"wp","href":"https:\/\/api.w.org\/{rel}","templated":true}]}}