{"id":2778,"date":"2025-01-23T01:34:03","date_gmt":"2025-01-23T05:34:03","guid":{"rendered":"https:\/\/emsasigma.com\/?page_id=2778"},"modified":"2025-09-01T12:55:42","modified_gmt":"2025-09-01T16:55:42","slug":"centralizadores-mesas","status":"publish","type":"page","link":"https:\/\/emsasigma.com\/pt\/catalogo-productos\/centralizadores-mesas\/","title":{"rendered":"Centralizadores mesas"},"content":{"rendered":"<div data-elementor-type=\"wp-page\" data-elementor-id=\"2778\" class=\"elementor elementor-2778\" data-elementor-post-type=\"page\">\n\t\t\t\t\t\t<section class=\"elementor-section elementor-top-section elementor-element elementor-element-e6aac0d elementor-section-height-min-height elementor-section-items-stretch elementor-section-boxed elementor-section-height-default\" data-id=\"e6aac0d\" data-element_type=\"section\" data-settings=\"{&quot;background_background&quot;:&quot;classic&quot;}\">\n\t\t\t\t\t\t\t<div class=\"elementor-background-overlay\"><\/div>\n\t\t\t\t\t\t\t<div class=\"elementor-container elementor-column-gap-default\">\n\t\t\t\t\t<div class=\"elementor-column elementor-col-50 elementor-top-column elementor-element elementor-element-d851448\" data-id=\"d851448\" data-element_type=\"column\">\n\t\t\t<div class=\"elementor-widget-wrap elementor-element-populated\">\n\t\t\t\t\t\t<div class=\"elementor-element elementor-element-90a8db7 elementor-widget elementor-widget-heading\" data-id=\"90a8db7\" data-element_type=\"widget\" data-widget_type=\"heading.default\">\n\t\t\t\t<div class=\"elementor-widget-container\">\n\t\t\t\t\t<h3 class=\"elementor-heading-title elementor-size-default\"><a href=\"\/pt\/catalogo-productos\/repuestos-jumbo\/\">Pe\u00e7as de Reposi\u00e7\u00e3o para Jumbos Hidr\u00e1ulicos<\/a><\/h3>\t\t\t\t<\/div>\n\t\t\t\t<\/div>\n\t\t\t\t<div class=\"elementor-element elementor-element-7081449 elementor-widget elementor-widget-heading\" data-id=\"7081449\" data-element_type=\"widget\" data-widget_type=\"heading.default\">\n\t\t\t\t<div class=\"elementor-widget-container\">\n\t\t\t\t\t<h1 class=\"elementor-heading-title elementor-size-default\">Centralizadores &amp; Mesas<\/h1>\t\t\t\t<\/div>\n\t\t\t\t<\/div>\n\t\t\t\t\t<\/div>\n\t\t<\/div>\n\t\t\t\t<div class=\"elementor-column elementor-col-50 elementor-top-column elementor-element elementor-element-09bf754\" data-id=\"09bf754\" data-element_type=\"column\">\n\t\t\t<div class=\"elementor-widget-wrap\">\n\t\t\t\t\t\t\t<\/div>\n\t\t<\/div>\n\t\t\t\t\t<\/div>\n\t\t<\/section>\n\t\t\t\t<section class=\"elementor-section elementor-top-section elementor-element elementor-element-5c86f16 elementor-section-boxed elementor-section-height-default elementor-section-height-default\" data-id=\"5c86f16\" data-element_type=\"section\">\n\t\t\t\t\t\t<div class=\"elementor-container elementor-column-gap-default\">\n\t\t\t\t\t<div class=\"elementor-column elementor-col-100 elementor-top-column elementor-element elementor-element-e329e08\" data-id=\"e329e08\" data-element_type=\"column\">\n\t\t\t<div class=\"elementor-widget-wrap elementor-element-populated\">\n\t\t\t\t\t\t<section class=\"elementor-section elementor-inner-section elementor-element elementor-element-5e5b9b1 elementor-section-boxed elementor-section-height-default elementor-section-height-default\" data-id=\"5e5b9b1\" data-element_type=\"section\">\n\t\t\t\t\t\t<div class=\"elementor-container elementor-column-gap-default\">\n\t\t\t\t\t<div class=\"elementor-column elementor-col-50 elementor-inner-column elementor-element elementor-element-cd2e3ba\" data-id=\"cd2e3ba\" data-element_type=\"column\">\n\t\t\t<div class=\"elementor-widget-wrap elementor-element-populated\">\n\t\t\t\t\t\t<section class=\"elementor-section elementor-inner-section elementor-element elementor-element-ea6d00b elementor-section-boxed elementor-section-height-default elementor-section-height-default\" data-id=\"ea6d00b\" data-element_type=\"section\">\n\t\t\t\t\t\t<div class=\"elementor-container elementor-column-gap-default\">\n\t\t\t\t\t<div class=\"elementor-column elementor-col-100 elementor-inner-column elementor-element elementor-element-4d2f840\" data-id=\"4d2f840\" data-element_type=\"column\">\n\t\t\t<div class=\"elementor-widget-wrap elementor-element-populated\">\n\t\t\t\t\t\t<div class=\"elementor-element elementor-element-083edb4 elementor-widget elementor-widget-image\" data-id=\"083edb4\" data-element_type=\"widget\" data-widget_type=\"image.default\">\n\t\t\t\t<div class=\"elementor-widget-container\">\n\t\t\t\t\t\t\t\t\t\t\t\t\t\t\t<img fetchpriority=\"high\" decoding=\"async\" width=\"1080\" height=\"1080\" src=\"https:\/\/emsasigma.com\/wp-content\/uploads\/2025\/09\/Mesa-de-trabajo-1-copia-13_firma.bak_.webp\" class=\"attachment-1536x1536 size-1536x1536 wp-image-4439\" alt=\"spareparts-mesa-emsa-expomin\" srcset=\"https:\/\/emsasigma.com\/wp-content\/uploads\/2025\/09\/Mesa-de-trabajo-1-copia-13_firma.bak_.webp 1080w, https:\/\/emsasigma.com\/wp-content\/uploads\/2025\/09\/Mesa-de-trabajo-1-copia-13_firma.bak_-300x300.webp 300w, https:\/\/emsasigma.com\/wp-content\/uploads\/2025\/09\/Mesa-de-trabajo-1-copia-13_firma.bak_-1024x1024.webp 1024w, https:\/\/emsasigma.com\/wp-content\/uploads\/2025\/09\/Mesa-de-trabajo-1-copia-13_firma.bak_-150x150.webp 150w, https:\/\/emsasigma.com\/wp-content\/uploads\/2025\/09\/Mesa-de-trabajo-1-copia-13_firma.bak_-768x768.webp 768w, https:\/\/emsasigma.com\/wp-content\/uploads\/2025\/09\/Mesa-de-trabajo-1-copia-13_firma.bak_-12x12.webp 12w, https:\/\/emsasigma.com\/wp-content\/uploads\/2025\/09\/Mesa-de-trabajo-1-copia-13_firma.bak_-600x600.webp 600w, https:\/\/emsasigma.com\/wp-content\/uploads\/2025\/09\/Mesa-de-trabajo-1-copia-13_firma.bak_-100x100.webp 100w\" sizes=\"(max-width: 1080px) 100vw, 1080px\" \/>\t\t\t\t\t\t\t\t\t\t\t\t\t\t\t<\/div>\n\t\t\t\t<\/div>\n\t\t\t\t\t<\/div>\n\t\t<\/div>\n\t\t\t\t\t<\/div>\n\t\t<\/section>\n\t\t\t\t<div class=\"elementor-element elementor-element-266b5fd elementor-widget elementor-widget-heading\" data-id=\"266b5fd\" data-element_type=\"widget\" data-widget_type=\"heading.default\">\n\t\t\t\t<div class=\"elementor-widget-container\">\n\t\t\t\t\t<h2 class=\"elementor-heading-title elementor-size-default\">Centralizador<\/h2>\t\t\t\t<\/div>\n\t\t\t\t<\/div>\n\t\t\t\t<div class=\"elementor-element elementor-element-618d1fe elementor-align-center elementor-widget elementor-widget-button\" data-id=\"618d1fe\" data-element_type=\"widget\" data-widget_type=\"button.default\">\n\t\t\t\t<div class=\"elementor-widget-container\">\n\t\t\t\t\t\t\t\t\t<div class=\"elementor-button-wrapper\">\n\t\t\t\t\t<a class=\"elementor-button elementor-button-link elementor-size-sm\" href=\"#elementor-action%3Aaction%3Dpopup%3Aopen%26settings%3DeyJpZCI6IjQxMTkiLCJ0b2dnbGUiOmZhbHNlfQ%3D%3D\" target=\"_blank\">\n\t\t\t\t\t\t<span class=\"elementor-button-content-wrapper\">\n\t\t\t\t\t\t<span class=\"elementor-button-icon\">\n\t\t\t\t<i aria-hidden=\"true\" class=\"fas fa-search\"><\/i>\t\t\t<\/span>\n\t\t\t\t\t\t\t\t\t<span class=\"elementor-button-text\">Ver m\u00e1s<\/span>\n\t\t\t\t\t<\/span>\n\t\t\t\t\t<\/a>\n\t\t\t\t<\/div>\n\t\t\t\t\t\t\t\t<\/div>\n\t\t\t\t<\/div>\n\t\t\t\t\t<\/div>\n\t\t<\/div>\n\t\t\t\t<div class=\"elementor-column elementor-col-50 elementor-inner-column elementor-element elementor-element-7188304\" data-id=\"7188304\" data-element_type=\"column\">\n\t\t\t<div class=\"elementor-widget-wrap elementor-element-populated\">\n\t\t\t\t\t\t<div class=\"elementor-element elementor-element-4d0fad5 elementor-widget elementor-widget-image\" data-id=\"4d0fad5\" data-element_type=\"widget\" data-widget_type=\"image.default\">\n\t\t\t\t<div class=\"elementor-widget-container\">\n\t\t\t\t\t\t\t\t\t\t\t\t\t\t\t<img decoding=\"async\" width=\"688\" height=\"790\" data-src=\"https:\/\/emsasigma.com\/wp-content\/uploads\/2025\/09\/Imagen_AI-Picsart-AiImageEnhancer.bak_.webp\" class=\"attachment-large size-large wp-image-4441 lazyload\" alt=\"\" data-srcset=\"https:\/\/emsasigma.com\/wp-content\/uploads\/2025\/09\/Imagen_AI-Picsart-AiImageEnhancer.bak_.webp 688w, https:\/\/emsasigma.com\/wp-content\/uploads\/2025\/09\/Imagen_AI-Picsart-AiImageEnhancer.bak_-261x300.webp 261w, https:\/\/emsasigma.com\/wp-content\/uploads\/2025\/09\/Imagen_AI-Picsart-AiImageEnhancer.bak_-10x12.webp 10w, https:\/\/emsasigma.com\/wp-content\/uploads\/2025\/09\/Imagen_AI-Picsart-AiImageEnhancer.bak_-600x689.webp 600w\" data-sizes=\"(max-width: 688px) 100vw, 688px\" src=\"data:image\/svg+xml;base64,PHN2ZyB3aWR0aD0iMSIgaGVpZ2h0PSIxIiB4bWxucz0iaHR0cDovL3d3dy53My5vcmcvMjAwMC9zdmciPjwvc3ZnPg==\" style=\"--smush-placeholder-width: 688px; --smush-placeholder-aspect-ratio: 688\/790;\" \/>\t\t\t\t\t\t\t\t\t\t\t\t\t\t\t<\/div>\n\t\t\t\t<\/div>\n\t\t\t\t<div class=\"elementor-element elementor-element-fa24e5e elementor-widget elementor-widget-heading\" data-id=\"fa24e5e\" data-element_type=\"widget\" data-widget_type=\"heading.default\">\n\t\t\t\t<div class=\"elementor-widget-container\">\n\t\t\t\t\t<h2 class=\"elementor-heading-title elementor-size-default\">Ber\u00e7os<\/h2>\t\t\t\t<\/div>\n\t\t\t\t<\/div>\n\t\t\t\t<div class=\"elementor-element elementor-element-66a6eed elementor-align-center elementor-widget elementor-widget-button\" data-id=\"66a6eed\" data-element_type=\"widget\" data-widget_type=\"button.default\">\n\t\t\t\t<div class=\"elementor-widget-container\">\n\t\t\t\t\t\t\t\t\t<div class=\"elementor-button-wrapper\">\n\t\t\t\t\t<a class=\"elementor-button elementor-button-link elementor-size-sm\" href=\"\/pt\/formulario-de-cotizacion\/\" target=\"_blank\">\n\t\t\t\t\t\t<span class=\"elementor-button-content-wrapper\">\n\t\t\t\t\t\t\t\t\t<span class=\"elementor-button-text\">Cotizar<\/span>\n\t\t\t\t\t<\/span>\n\t\t\t\t\t<\/a>\n\t\t\t\t<\/div>\n\t\t\t\t\t\t\t\t<\/div>\n\t\t\t\t<\/div>\n\t\t\t\t\t<\/div>\n\t\t<\/div>\n\t\t\t\t\t<\/div>\n\t\t<\/section>\n\t\t\t\t<div class=\"elementor-element elementor-element-ceb9be2 elementor-widget elementor-widget-spacer\" data-id=\"ceb9be2\" data-element_type=\"widget\" data-widget_type=\"spacer.default\">\n\t\t\t\t<div class=\"elementor-widget-container\">\n\t\t\t\t\t\t\t<div class=\"elementor-spacer\">\n\t\t\t<div class=\"elementor-spacer-inner\"><\/div>\n\t\t<\/div>\n\t\t\t\t\t\t<\/div>\n\t\t\t\t<\/div>\n\t\t\t\t<div class=\"elementor-element elementor-element-d521d5d elementor-widget elementor-widget-spacer\" data-id=\"d521d5d\" data-element_type=\"widget\" data-widget_type=\"spacer.default\">\n\t\t\t\t<div class=\"elementor-widget-container\">\n\t\t\t\t\t\t\t<div class=\"elementor-spacer\">\n\t\t\t<div class=\"elementor-spacer-inner\"><\/div>\n\t\t<\/div>\n\t\t\t\t\t\t<\/div>\n\t\t\t\t<\/div>\n\t\t\t\t\t<\/div>\n\t\t<\/div>\n\t\t\t\t\t<\/div>\n\t\t<\/section>\n\t\t\t\t<\/div>","protected":false},"excerpt":{"rendered":"<p>\u2190 Repuestos para Jumbos Hidr\u00e1ulicos Centralizadores &amp; Mesas Centralizadores Ver m\u00e1s Mesas Cotizar<\/p>","protected":false},"author":8,"featured_media":0,"parent":2736,"menu_order":0,"comment_status":"closed","ping_status":"closed","template":"","meta":{"site-sidebar-layout":"no-sidebar","site-content-layout":"page-builder","ast-site-content-layout":"full-width-container","site-content-style":"unboxed","site-sidebar-style":"unboxed","ast-global-header-display":"","ast-banner-title-visibility":"","ast-main-header-display":"","ast-hfb-above-header-display":"","ast-hfb-below-header-display":"","ast-hfb-mobile-header-display":"","site-post-title":"disabled","ast-breadcrumbs-content":"","ast-featured-img":"disabled","footer-sml-layout":"","theme-transparent-header-meta":"","adv-header-id-meta":"","stick-header-meta":"","header-above-stick-meta":"","header-main-stick-meta":"","header-below-stick-meta":"","astra-migrate-meta-layouts":"set","ast-page-background-enabled":"default","ast-page-background-meta":{"desktop":{"background-color":"var(--ast-global-color-4)","background-image":"","background-repeat":"repeat","background-position":"center center","background-size":"auto","background-attachment":"scroll","background-type":"","background-media":"","overlay-type":"","overlay-color":"","overlay-opacity":"","overlay-gradient":""},"tablet":{"background-color":"","background-image":"","background-repeat":"repeat","background-position":"center center","background-size":"auto","background-attachment":"scroll","background-type":"","background-media":"","overlay-type":"","overlay-color":"","overlay-opacity":"","overlay-gradient":""},"mobile":{"background-color":"","background-image":"","background-repeat":"repeat","background-position":"center center","background-size":"auto","background-attachment":"scroll","background-type":"","background-media":"","overlay-type":"","overlay-color":"","overlay-opacity":"","overlay-gradient":""}},"ast-content-background-meta":{"desktop":{"background-color":"var(--ast-global-color-5)","background-image":"","background-repeat":"repeat","background-position":"center center","background-size":"auto","background-attachment":"scroll","background-type":"","background-media":"","overlay-type":"","overlay-color":"","overlay-opacity":"","overlay-gradient":""},"tablet":{"background-color":"var(--ast-global-color-5)","background-image":"","background-repeat":"repeat","background-position":"center center","background-size":"auto","background-attachment":"scroll","background-type":"","background-media":"","overlay-type":"","overlay-color":"","overlay-opacity":"","overlay-gradient":""},"mobile":{"background-color":"var(--ast-global-color-5)","background-image":"","background-repeat":"repeat","background-position":"center center","background-size":"auto","background-attachment":"scroll","background-type":"","background-media":"","overlay-type":"","overlay-color":"","overlay-opacity":"","overlay-gradient":""}},"footnotes":""},"class_list":["post-2778","page","type-page","status-publish","hentry"],"yoast_head":"<!-- This site is optimized with the Yoast SEO plugin v26.1 - https:\/\/yoast.com\/wordpress\/plugins\/seo\/ -->\n<title>Centralizadores mesas | Equipos Mineros Chile<\/title>\n<meta name=\"description\" content=\"Puedes comunicarte con Equipos Mineros a trav\u00e9s del Tel\u00e9fono (+56) 2 3296 3779. Direcci\u00f3n: Col\u00f3n 2005, Independencia. Regi\u00f3n Metropolitana. Chile\" \/>\n<meta name=\"robots\" content=\"index, follow, max-snippet:-1, max-image-preview:large, max-video-preview:-1\" \/>\n<link rel=\"canonical\" href=\"https:\/\/emsasigma.com\/pt\/catalogo-productos\/centralizadores-mesas\/\" \/>\n<meta property=\"og:locale\" content=\"pt_BR\" \/>\n<meta property=\"og:type\" content=\"article\" \/>\n<meta property=\"og:title\" content=\"Centralizadores mesas | Equipos Mineros Chile\" \/>\n<meta property=\"og:description\" content=\"Puedes comunicarte con Equipos Mineros a trav\u00e9s del Tel\u00e9fono (+56) 2 3296 3779. Direcci\u00f3n: Col\u00f3n 2005, Independencia. Regi\u00f3n Metropolitana. Chile\" \/>\n<meta property=\"og:url\" content=\"https:\/\/emsasigma.com\/pt\/catalogo-productos\/centralizadores-mesas\/\" \/>\n<meta property=\"og:site_name\" content=\"Equipos Mineros\" \/>\n<meta property=\"article:modified_time\" content=\"2025-09-01T16:55:42+00:00\" \/>\n<meta property=\"og:image\" content=\"https:\/\/emsasigma.com\/wp-content\/uploads\/2025\/09\/Mesa-de-trabajo-1-copia-13_firma.bak_.webp\" \/>\n<meta name=\"twitter:card\" content=\"summary_large_image\" \/>\n<meta name=\"twitter:label1\" content=\"Est. tempo de leitura\" \/>\n\t<meta name=\"twitter:data1\" content=\"1 minuto\" \/>\n<script type=\"application\/ld+json\" class=\"yoast-schema-graph\">{\"@context\":\"https:\/\/schema.org\",\"@graph\":[{\"@type\":\"WebPage\",\"@id\":\"https:\/\/emsasigma.com\/catalogo-productos\/centralizadores-mesas\/\",\"url\":\"https:\/\/emsasigma.com\/catalogo-productos\/centralizadores-mesas\/\",\"name\":\"Centralizadores mesas | Equipos Mineros Chile\",\"isPartOf\":{\"@id\":\"https:\/\/emsasigma.com\/pt\/#website\"},\"primaryImageOfPage\":{\"@id\":\"https:\/\/emsasigma.com\/catalogo-productos\/centralizadores-mesas\/#primaryimage\"},\"image\":{\"@id\":\"https:\/\/emsasigma.com\/catalogo-productos\/centralizadores-mesas\/#primaryimage\"},\"thumbnailUrl\":\"https:\/\/emsasigma.com\/wp-content\/uploads\/2025\/09\/Mesa-de-trabajo-1-copia-13_firma.bak_.webp\",\"datePublished\":\"2025-01-23T05:34:03+00:00\",\"dateModified\":\"2025-09-01T16:55:42+00:00\",\"description\":\"Puedes comunicarte con Equipos Mineros a trav\u00e9s del Tel\u00e9fono (+56) 2 3296 3779. Direcci\u00f3n: Col\u00f3n 2005, Independencia. Regi\u00f3n Metropolitana. Chile\",\"breadcrumb\":{\"@id\":\"https:\/\/emsasigma.com\/catalogo-productos\/centralizadores-mesas\/#breadcrumb\"},\"inLanguage\":\"pt-BR\",\"potentialAction\":[{\"@type\":\"ReadAction\",\"target\":[\"https:\/\/emsasigma.com\/catalogo-productos\/centralizadores-mesas\/\"]}]},{\"@type\":\"ImageObject\",\"inLanguage\":\"pt-BR\",\"@id\":\"https:\/\/emsasigma.com\/catalogo-productos\/centralizadores-mesas\/#primaryimage\",\"url\":\"https:\/\/emsasigma.com\/wp-content\/uploads\/2025\/09\/Mesa-de-trabajo-1-copia-13_firma.bak_.webp\",\"contentUrl\":\"https:\/\/emsasigma.com\/wp-content\/uploads\/2025\/09\/Mesa-de-trabajo-1-copia-13_firma.bak_.webp\"},{\"@type\":\"BreadcrumbList\",\"@id\":\"https:\/\/emsasigma.com\/catalogo-productos\/centralizadores-mesas\/#breadcrumb\",\"itemListElement\":[{\"@type\":\"ListItem\",\"position\":1,\"name\":\"Portada\",\"item\":\"https:\/\/emsasigma.com\/\"},{\"@type\":\"ListItem\",\"position\":2,\"name\":\"Cat\u00e1logo de Productos\",\"item\":\"https:\/\/emsasigma.com\/catalogo-productos\/\"},{\"@type\":\"ListItem\",\"position\":3,\"name\":\"Centralizadores mesas\"}]},{\"@type\":\"WebSite\",\"@id\":\"https:\/\/emsasigma.com\/pt\/#website\",\"url\":\"https:\/\/emsasigma.com\/pt\/\",\"name\":\"Equipos Mineros\",\"description\":\"\",\"publisher\":{\"@id\":\"https:\/\/emsasigma.com\/pt\/#organization\"},\"potentialAction\":[{\"@type\":\"SearchAction\",\"target\":{\"@type\":\"EntryPoint\",\"urlTemplate\":\"https:\/\/emsasigma.com\/pt\/?s={search_term_string}\"},\"query-input\":{\"@type\":\"PropertyValueSpecification\",\"valueRequired\":true,\"valueName\":\"search_term_string\"}}],\"inLanguage\":\"pt-BR\"},{\"@type\":\"Organization\",\"@id\":\"https:\/\/emsasigma.com\/pt\/#organization\",\"name\":\"Equipos Mineros\",\"url\":\"https:\/\/emsasigma.com\/pt\/\",\"logo\":{\"@type\":\"ImageObject\",\"inLanguage\":\"pt-BR\",\"@id\":\"https:\/\/emsasigma.com\/pt\/#\/schema\/logo\/image\/\",\"url\":\"https:\/\/emsasigma.com\/wp-content\/uploads\/2023\/07\/Favicon.webp\",\"contentUrl\":\"https:\/\/emsasigma.com\/wp-content\/uploads\/2023\/07\/Favicon.webp\",\"width\":500,\"height\":500,\"caption\":\"Equipos Mineros\"},\"image\":{\"@id\":\"https:\/\/emsasigma.com\/pt\/#\/schema\/logo\/image\/\"},\"sameAs\":[\"https:\/\/www.linkedin.com\/company\/equipos-mineros-emsa-ltda\/about\/\"]}]}<\/script>\n<!-- \/ Yoast SEO plugin. -->","yoast_head_json":{"title":"Centralizadores mesas | Equipos Mineros Chile","description":"Puedes comunicarte con Equipos Mineros a trav\u00e9s del Tel\u00e9fono (+56) 2 3296 3779. Direcci\u00f3n: Col\u00f3n 2005, Independencia. Regi\u00f3n Metropolitana. Chile","robots":{"index":"index","follow":"follow","max-snippet":"max-snippet:-1","max-image-preview":"max-image-preview:large","max-video-preview":"max-video-preview:-1"},"canonical":"https:\/\/emsasigma.com\/pt\/catalogo-productos\/centralizadores-mesas\/","og_locale":"pt_BR","og_type":"article","og_title":"Centralizadores mesas | Equipos Mineros Chile","og_description":"Puedes comunicarte con Equipos Mineros a trav\u00e9s del Tel\u00e9fono (+56) 2 3296 3779. Direcci\u00f3n: Col\u00f3n 2005, Independencia. Regi\u00f3n Metropolitana. Chile","og_url":"https:\/\/emsasigma.com\/pt\/catalogo-productos\/centralizadores-mesas\/","og_site_name":"Equipos Mineros","article_modified_time":"2025-09-01T16:55:42+00:00","og_image":[{"url":"https:\/\/emsasigma.com\/wp-content\/uploads\/2025\/09\/Mesa-de-trabajo-1-copia-13_firma.bak_.webp","type":"","width":"","height":""}],"twitter_card":"summary_large_image","twitter_misc":{"Est. tempo de leitura":"1 minuto"},"schema":{"@context":"https:\/\/schema.org","@graph":[{"@type":"WebPage","@id":"https:\/\/emsasigma.com\/catalogo-productos\/centralizadores-mesas\/","url":"https:\/\/emsasigma.com\/catalogo-productos\/centralizadores-mesas\/","name":"Centralizadores mesas | Equipos Mineros Chile","isPartOf":{"@id":"https:\/\/emsasigma.com\/pt\/#website"},"primaryImageOfPage":{"@id":"https:\/\/emsasigma.com\/catalogo-productos\/centralizadores-mesas\/#primaryimage"},"image":{"@id":"https:\/\/emsasigma.com\/catalogo-productos\/centralizadores-mesas\/#primaryimage"},"thumbnailUrl":"https:\/\/emsasigma.com\/wp-content\/uploads\/2025\/09\/Mesa-de-trabajo-1-copia-13_firma.bak_.webp","datePublished":"2025-01-23T05:34:03+00:00","dateModified":"2025-09-01T16:55:42+00:00","description":"Puedes comunicarte con Equipos Mineros a trav\u00e9s del Tel\u00e9fono (+56) 2 3296 3779. Direcci\u00f3n: Col\u00f3n 2005, Independencia. Regi\u00f3n Metropolitana. Chile","breadcrumb":{"@id":"https:\/\/emsasigma.com\/catalogo-productos\/centralizadores-mesas\/#breadcrumb"},"inLanguage":"pt-BR","potentialAction":[{"@type":"ReadAction","target":["https:\/\/emsasigma.com\/catalogo-productos\/centralizadores-mesas\/"]}]},{"@type":"ImageObject","inLanguage":"pt-BR","@id":"https:\/\/emsasigma.com\/catalogo-productos\/centralizadores-mesas\/#primaryimage","url":"https:\/\/emsasigma.com\/wp-content\/uploads\/2025\/09\/Mesa-de-trabajo-1-copia-13_firma.bak_.webp","contentUrl":"https:\/\/emsasigma.com\/wp-content\/uploads\/2025\/09\/Mesa-de-trabajo-1-copia-13_firma.bak_.webp"},{"@type":"BreadcrumbList","@id":"https:\/\/emsasigma.com\/catalogo-productos\/centralizadores-mesas\/#breadcrumb","itemListElement":[{"@type":"ListItem","position":1,"name":"Portada","item":"https:\/\/emsasigma.com\/"},{"@type":"ListItem","position":2,"name":"Cat\u00e1logo de Productos","item":"https:\/\/emsasigma.com\/catalogo-productos\/"},{"@type":"ListItem","position":3,"name":"Centralizadores mesas"}]},{"@type":"WebSite","@id":"https:\/\/emsasigma.com\/pt\/#website","url":"https:\/\/emsasigma.com\/pt\/","name":"Equipos Mineros","description":"","publisher":{"@id":"https:\/\/emsasigma.com\/pt\/#organization"},"potentialAction":[{"@type":"SearchAction","target":{"@type":"EntryPoint","urlTemplate":"https:\/\/emsasigma.com\/pt\/?s={search_term_string}"},"query-input":{"@type":"PropertyValueSpecification","valueRequired":true,"valueName":"search_term_string"}}],"inLanguage":"pt-BR"},{"@type":"Organization","@id":"https:\/\/emsasigma.com\/pt\/#organization","name":"Equipos Mineros","url":"https:\/\/emsasigma.com\/pt\/","logo":{"@type":"ImageObject","inLanguage":"pt-BR","@id":"https:\/\/emsasigma.com\/pt\/#\/schema\/logo\/image\/","url":"https:\/\/emsasigma.com\/wp-content\/uploads\/2023\/07\/Favicon.webp","contentUrl":"https:\/\/emsasigma.com\/wp-content\/uploads\/2023\/07\/Favicon.webp","width":500,"height":500,"caption":"Equipos Mineros"},"image":{"@id":"https:\/\/emsasigma.com\/pt\/#\/schema\/logo\/image\/"},"sameAs":["https:\/\/www.linkedin.com\/company\/equipos-mineros-emsa-ltda\/about\/"]}]}},"_links":{"self":[{"href":"https:\/\/emsasigma.com\/pt\/wp-json\/wp\/v2\/pages\/2778","targetHints":{"allow":["GET"]}}],"collection":[{"href":"https:\/\/emsasigma.com\/pt\/wp-json\/wp\/v2\/pages"}],"about":[{"href":"https:\/\/emsasigma.com\/pt\/wp-json\/wp\/v2\/types\/page"}],"author":[{"embeddable":true,"href":"https:\/\/emsasigma.com\/pt\/wp-json\/wp\/v2\/users\/8"}],"replies":[{"embeddable":true,"href":"https:\/\/emsasigma.com\/pt\/wp-json\/wp\/v2\/comments?post=2778"}],"version-history":[{"count":57,"href":"https:\/\/emsasigma.com\/pt\/wp-json\/wp\/v2\/pages\/2778\/revisions"}],"predecessor-version":[{"id":4444,"href":"https:\/\/emsasigma.com\/pt\/wp-json\/wp\/v2\/pages\/2778\/revisions\/4444"}],"up":[{"embeddable":true,"href":"https:\/\/emsasigma.com\/pt\/wp-json\/wp\/v2\/pages\/2736"}],"wp:attachment":[{"href":"https:\/\/emsasigma.com\/pt\/wp-json\/wp\/v2\/media?parent=2778"}],"curies":[{"name":"wp","href":"https:\/\/api.w.org\/{rel}","templated":true}]}}