{"id":3348,"date":"2025-04-08T13:31:23","date_gmt":"2025-04-08T17:31:23","guid":{"rendered":"https:\/\/emsasigma.com\/?page_id=3348"},"modified":"2025-07-28T10:11:46","modified_gmt":"2025-07-28T14:11:46","slug":"repuestos-jumbo","status":"publish","type":"page","link":"https:\/\/emsasigma.com\/fr\/catalogo-productos\/repuestos-jumbo\/","title":{"rendered":"Pi\u00e8ces pour jumbo"},"content":{"rendered":"<div data-elementor-type=\"wp-page\" data-elementor-id=\"3348\" class=\"elementor elementor-3348\" data-elementor-post-type=\"page\">\n\t\t\t\t\t\t<section class=\"elementor-section elementor-top-section elementor-element elementor-element-e6aac0d elementor-section-height-min-height elementor-section-items-stretch elementor-section-boxed elementor-section-height-default\" data-id=\"e6aac0d\" data-element_type=\"section\" data-settings=\"{&quot;background_background&quot;:&quot;classic&quot;}\">\n\t\t\t\t\t\t\t<div class=\"elementor-background-overlay\"><\/div>\n\t\t\t\t\t\t\t<div class=\"elementor-container elementor-column-gap-default\">\n\t\t\t\t\t<div class=\"elementor-column elementor-col-50 elementor-top-column elementor-element elementor-element-d851448\" data-id=\"d851448\" data-element_type=\"column\">\n\t\t\t<div class=\"elementor-widget-wrap elementor-element-populated\">\n\t\t\t\t\t\t<div class=\"elementor-element elementor-element-7081449 elementor-widget elementor-widget-heading\" data-id=\"7081449\" data-element_type=\"widget\" data-widget_type=\"heading.default\">\n\t\t\t\t<div class=\"elementor-widget-container\">\n\t\t\t\t\t<h1 class=\"elementor-heading-title elementor-size-default\">Pi\u00e8ces de rechange pour jumbo hydraulique<\/h1>\t\t\t\t<\/div>\n\t\t\t\t<\/div>\n\t\t\t\t\t<\/div>\n\t\t<\/div>\n\t\t\t\t<div class=\"elementor-column elementor-col-50 elementor-top-column elementor-element elementor-element-09bf754\" data-id=\"09bf754\" data-element_type=\"column\">\n\t\t\t<div class=\"elementor-widget-wrap\">\n\t\t\t\t\t\t\t<\/div>\n\t\t<\/div>\n\t\t\t\t\t<\/div>\n\t\t<\/section>\n\t\t\t\t<section class=\"elementor-section elementor-top-section elementor-element elementor-element-5c86f16 elementor-section-boxed elementor-section-height-default elementor-section-height-default\" data-id=\"5c86f16\" data-element_type=\"section\">\n\t\t\t\t\t\t<div class=\"elementor-container elementor-column-gap-default\">\n\t\t\t\t\t<div class=\"elementor-column elementor-col-100 elementor-top-column elementor-element elementor-element-e329e08\" data-id=\"e329e08\" data-element_type=\"column\">\n\t\t\t<div class=\"elementor-widget-wrap elementor-element-populated\">\n\t\t\t\t\t\t<div class=\"elementor-element elementor-element-b97a63b elementor-widget elementor-widget-spacer\" data-id=\"b97a63b\" data-element_type=\"widget\" data-widget_type=\"spacer.default\">\n\t\t\t\t<div class=\"elementor-widget-container\">\n\t\t\t\t\t\t\t<div class=\"elementor-spacer\">\n\t\t\t<div class=\"elementor-spacer-inner\"><\/div>\n\t\t<\/div>\n\t\t\t\t\t\t<\/div>\n\t\t\t\t<\/div>\n\t\t\t\t<section class=\"elementor-section elementor-inner-section elementor-element elementor-element-21c5046 elementor-section-boxed elementor-section-height-default elementor-section-height-default\" data-id=\"21c5046\" data-element_type=\"section\">\n\t\t\t\t\t\t<div class=\"elementor-container elementor-column-gap-default\">\n\t\t\t\t\t<div class=\"elementor-column elementor-col-33 elementor-inner-column elementor-element elementor-element-5fd4241\" data-id=\"5fd4241\" data-element_type=\"column\">\n\t\t\t<div class=\"elementor-widget-wrap elementor-element-populated\">\n\t\t\t\t\t\t<div class=\"elementor-element elementor-element-69c79b0 elementor-widget elementor-widget-image\" data-id=\"69c79b0\" data-element_type=\"widget\" data-widget_type=\"image.default\">\n\t\t\t\t<div class=\"elementor-widget-container\">\n\t\t\t\t\t\t\t\t\t\t\t\t\t\t\t<img fetchpriority=\"high\" decoding=\"async\" width=\"421\" height=\"231\" src=\"https:\/\/emsasigma.com\/wp-content\/uploads\/2024\/10\/Recurso-13.webp\" class=\"attachment-large size-large wp-image-1978\" alt=\"\" srcset=\"https:\/\/emsasigma.com\/wp-content\/uploads\/2024\/10\/Recurso-13.webp 421w, https:\/\/emsasigma.com\/wp-content\/uploads\/2024\/10\/Recurso-13-300x165.webp 300w, https:\/\/emsasigma.com\/wp-content\/uploads\/2024\/10\/Recurso-13-18x10.webp 18w\" sizes=\"(max-width: 421px) 100vw, 421px\" \/>\t\t\t\t\t\t\t\t\t\t\t\t\t\t\t<\/div>\n\t\t\t\t<\/div>\n\t\t\t\t<div class=\"elementor-element elementor-element-4d68bcf elementor-widget elementor-widget-heading\" data-id=\"4d68bcf\" data-element_type=\"widget\" data-widget_type=\"heading.default\">\n\t\t\t\t<div class=\"elementor-widget-container\">\n\t\t\t\t\t<h2 class=\"elementor-heading-title elementor-size-default\">Foreuses<\/h2>\t\t\t\t<\/div>\n\t\t\t\t<\/div>\n\t\t\t\t<div class=\"elementor-element elementor-element-2f5aa61 elementor-align-center elementor-widget elementor-widget-button\" data-id=\"2f5aa61\" data-element_type=\"widget\" data-widget_type=\"button.default\">\n\t\t\t\t<div class=\"elementor-widget-container\">\n\t\t\t\t\t\t\t\t\t<div class=\"elementor-button-wrapper\">\n\t\t\t\t\t<a class=\"elementor-button elementor-button-link elementor-size-sm\" href=\"\/fr\/catalogo-productos\/perforadoras\/\" target=\"_blank\">\n\t\t\t\t\t\t<span class=\"elementor-button-content-wrapper\">\n\t\t\t\t\t\t\t\t\t<span class=\"elementor-button-text\">Voir plus<\/span>\n\t\t\t\t\t<\/span>\n\t\t\t\t\t<\/a>\n\t\t\t\t<\/div>\n\t\t\t\t\t\t\t\t<\/div>\n\t\t\t\t<\/div>\n\t\t\t\t\t<\/div>\n\t\t<\/div>\n\t\t\t\t<div class=\"elementor-column elementor-col-33 elementor-inner-column elementor-element elementor-element-e9d14cc\" data-id=\"e9d14cc\" data-element_type=\"column\">\n\t\t\t<div class=\"elementor-widget-wrap elementor-element-populated\">\n\t\t\t\t\t\t<div class=\"elementor-element elementor-element-083edb4 elementor-widget elementor-widget-image\" data-id=\"083edb4\" data-element_type=\"widget\" data-widget_type=\"image.default\">\n\t\t\t\t<div class=\"elementor-widget-container\">\n\t\t\t\t\t\t\t\t\t\t\t\t\t\t\t<img decoding=\"async\" width=\"686\" height=\"375\" data-src=\"https:\/\/emsasigma.com\/wp-content\/uploads\/2023\/07\/EM-BMH-250-.png\" class=\"attachment-large size-large wp-image-877 lazyload\" alt=\"Vigas &amp; m\u00e1s\" data-srcset=\"https:\/\/emsasigma.com\/wp-content\/uploads\/2023\/07\/EM-BMH-250-.png 686w, https:\/\/emsasigma.com\/wp-content\/uploads\/2023\/07\/EM-BMH-250--300x164.png 300w, https:\/\/emsasigma.com\/wp-content\/uploads\/2023\/07\/EM-BMH-250--18x10.png 18w\" data-sizes=\"(max-width: 686px) 100vw, 686px\" src=\"data:image\/svg+xml;base64,PHN2ZyB3aWR0aD0iMSIgaGVpZ2h0PSIxIiB4bWxucz0iaHR0cDovL3d3dy53My5vcmcvMjAwMC9zdmciPjwvc3ZnPg==\" style=\"--smush-placeholder-width: 686px; --smush-placeholder-aspect-ratio: 686\/375;\" \/>\t\t\t\t\t\t\t\t\t\t\t\t\t\t\t<\/div>\n\t\t\t\t<\/div>\n\t\t\t\t<div class=\"elementor-element elementor-element-76c9472 elementor-widget elementor-widget-heading\" data-id=\"76c9472\" data-element_type=\"widget\" data-widget_type=\"heading.default\">\n\t\t\t\t<div class=\"elementor-widget-container\">\n\t\t\t\t\t<h2 class=\"elementor-heading-title elementor-size-default\">Poutre, carrousel, bras et mors<\/h2>\t\t\t\t<\/div>\n\t\t\t\t<\/div>\n\t\t\t\t<div class=\"elementor-element elementor-element-bf062c9 elementor-align-center elementor-widget elementor-widget-button\" data-id=\"bf062c9\" data-element_type=\"widget\" data-widget_type=\"button.default\">\n\t\t\t\t<div class=\"elementor-widget-container\">\n\t\t\t\t\t\t\t\t\t<div class=\"elementor-button-wrapper\">\n\t\t\t\t\t<a class=\"elementor-button elementor-button-link elementor-size-sm\" href=\"\/fr\/catalogo-productos\/vigas\/\" target=\"_blank\">\n\t\t\t\t\t\t<span class=\"elementor-button-content-wrapper\">\n\t\t\t\t\t\t\t\t\t<span class=\"elementor-button-text\">Voir plus<\/span>\n\t\t\t\t\t<\/span>\n\t\t\t\t\t<\/a>\n\t\t\t\t<\/div>\n\t\t\t\t\t\t\t\t<\/div>\n\t\t\t\t<\/div>\n\t\t\t\t\t<\/div>\n\t\t<\/div>\n\t\t\t\t<div class=\"elementor-column elementor-col-33 elementor-inner-column elementor-element elementor-element-8a13200\" data-id=\"8a13200\" data-element_type=\"column\">\n\t\t\t<div class=\"elementor-widget-wrap elementor-element-populated\">\n\t\t\t\t\t\t<div class=\"elementor-element elementor-element-0321514 elementor-widget elementor-widget-image\" data-id=\"0321514\" data-element_type=\"widget\" data-widget_type=\"image.default\">\n\t\t\t\t<div class=\"elementor-widget-container\">\n\t\t\t\t\t\t\t\t\t\t\t\t\t\t\t<img decoding=\"async\" width=\"686\" height=\"375\" data-src=\"https:\/\/emsasigma.com\/wp-content\/uploads\/2023\/07\/006-SF.png\" class=\"attachment-large size-large wp-image-890 lazyload\" alt=\"\" data-srcset=\"https:\/\/emsasigma.com\/wp-content\/uploads\/2023\/07\/006-SF.png 686w, https:\/\/emsasigma.com\/wp-content\/uploads\/2023\/07\/006-SF-300x164.png 300w, https:\/\/emsasigma.com\/wp-content\/uploads\/2023\/07\/006-SF-18x10.png 18w\" data-sizes=\"(max-width: 686px) 100vw, 686px\" src=\"data:image\/svg+xml;base64,PHN2ZyB3aWR0aD0iMSIgaGVpZ2h0PSIxIiB4bWxucz0iaHR0cDovL3d3dy53My5vcmcvMjAwMC9zdmciPjwvc3ZnPg==\" style=\"--smush-placeholder-width: 686px; --smush-placeholder-aspect-ratio: 686\/375;\" \/>\t\t\t\t\t\t\t\t\t\t\t\t\t\t\t<\/div>\n\t\t\t\t<\/div>\n\t\t\t\t<div class=\"elementor-element elementor-element-8a5cba0 elementor-widget elementor-widget-heading\" data-id=\"8a5cba0\" data-element_type=\"widget\" data-widget_type=\"heading.default\">\n\t\t\t\t<div class=\"elementor-widget-container\">\n\t\t\t\t\t<h2 class=\"elementor-heading-title elementor-size-default\">Centralisateurs, Berceau<\/h2>\t\t\t\t<\/div>\n\t\t\t\t<\/div>\n\t\t\t\t<div class=\"elementor-element elementor-element-a1f9c3c elementor-align-center elementor-widget elementor-widget-button\" data-id=\"a1f9c3c\" data-element_type=\"widget\" data-widget_type=\"button.default\">\n\t\t\t\t<div class=\"elementor-widget-container\">\n\t\t\t\t\t\t\t\t\t<div class=\"elementor-button-wrapper\">\n\t\t\t\t\t<a class=\"elementor-button elementor-button-link elementor-size-sm\" href=\"\/fr\/catalogo-productos\/centralizadores-mesas\/\" target=\"_blank\">\n\t\t\t\t\t\t<span class=\"elementor-button-content-wrapper\">\n\t\t\t\t\t\t\t\t\t<span class=\"elementor-button-text\">Voir plus<\/span>\n\t\t\t\t\t<\/span>\n\t\t\t\t\t<\/a>\n\t\t\t\t<\/div>\n\t\t\t\t\t\t\t\t<\/div>\n\t\t\t\t<\/div>\n\t\t\t\t\t<\/div>\n\t\t<\/div>\n\t\t\t\t\t<\/div>\n\t\t<\/section>\n\t\t\t\t<div class=\"elementor-element elementor-element-ceb9be2 elementor-widget elementor-widget-spacer\" data-id=\"ceb9be2\" data-element_type=\"widget\" data-widget_type=\"spacer.default\">\n\t\t\t\t<div class=\"elementor-widget-container\">\n\t\t\t\t\t\t\t<div class=\"elementor-spacer\">\n\t\t\t<div class=\"elementor-spacer-inner\"><\/div>\n\t\t<\/div>\n\t\t\t\t\t\t<\/div>\n\t\t\t\t<\/div>\n\t\t\t\t\t<\/div>\n\t\t<\/div>\n\t\t\t\t\t<\/div>\n\t\t<\/section>\n\t\t\t\t<section class=\"elementor-section elementor-top-section elementor-element elementor-element-ee74c9a elementor-section-full_width elementor-section-height-min-height elementor-section-items-stretch elementor-section-height-default\" data-id=\"ee74c9a\" data-element_type=\"section\">\n\t\t\t\t\t\t<div class=\"elementor-container elementor-column-gap-default\">\n\t\t\t\t\t<div class=\"elementor-column elementor-col-50 elementor-top-column elementor-element elementor-element-fafd7c9\" data-id=\"fafd7c9\" data-element_type=\"column\" data-settings=\"{&quot;background_background&quot;:&quot;classic&quot;}\">\n\t\t\t<div class=\"elementor-widget-wrap elementor-element-populated\">\n\t\t\t\t\t\t<div class=\"elementor-element elementor-element-97adb3d elementor-position-left elementor-mobile-position-left elementor-widget__width-auto elementor-view-default elementor-widget elementor-widget-icon-box\" data-id=\"97adb3d\" data-element_type=\"widget\" data-widget_type=\"icon-box.default\">\n\t\t\t\t<div class=\"elementor-widget-container\">\n\t\t\t\t\t\t\t<div class=\"elementor-icon-box-wrapper\">\n\n\t\t\t\t\t\t<div class=\"elementor-icon-box-icon\">\n\t\t\t\t<a href=\"tel:+56227376419\" class=\"elementor-icon\" tabindex=\"-1\" aria-label=\"T\u00e9l\u00e9phone\">\n\t\t\t\t<i aria-hidden=\"true\" class=\"fas fa-phone\"><\/i>\t\t\t\t<\/a>\n\t\t\t<\/div>\n\t\t\t\n\t\t\t\t\t\t<div class=\"elementor-icon-box-content\">\n\n\t\t\t\t\t\t\t\t\t<h3 class=\"elementor-icon-box-title\">\n\t\t\t\t\t\t<a href=\"tel:+56227376419\" >\n\t\t\t\t\t\t\tT\u00e9l\u00e9phone\t\t\t\t\t\t<\/a>\n\t\t\t\t\t<\/h3>\n\t\t\t\t\n\t\t\t\t\t\t\t\t\t<p class=\"elementor-icon-box-description\">\n\t\t\t\t\t\t(+56) 2 3296 3779\t\t\t\t\t<\/p>\n\t\t\t\t\n\t\t\t<\/div>\n\t\t\t\n\t\t<\/div>\n\t\t\t\t\t\t<\/div>\n\t\t\t\t<\/div>\n\t\t\t\t\t<\/div>\n\t\t<\/div>\n\t\t\t\t<div class=\"elementor-column elementor-col-50 elementor-top-column elementor-element elementor-element-6492d00\" data-id=\"6492d00\" data-element_type=\"column\" data-settings=\"{&quot;background_background&quot;:&quot;classic&quot;}\">\n\t\t\t<div class=\"elementor-widget-wrap elementor-element-populated\">\n\t\t\t\t\t\t<div class=\"elementor-element elementor-element-4491f86 elementor-position-left elementor-mobile-position-left elementor-widget__width-auto elementor-view-default elementor-widget elementor-widget-icon-box\" data-id=\"4491f86\" data-element_type=\"widget\" data-widget_type=\"icon-box.default\">\n\t\t\t\t<div class=\"elementor-widget-container\">\n\t\t\t\t\t\t\t<div class=\"elementor-icon-box-wrapper\">\n\n\t\t\t\t\t\t<div class=\"elementor-icon-box-icon\">\n\t\t\t\t<a href=\"tel:+56227376419\" class=\"elementor-icon\" tabindex=\"-1\" aria-label=\"Courriel \u00e9lectronique\">\n\t\t\t\t<i aria-hidden=\"true\" class=\"fas fa-envelope\"><\/i>\t\t\t\t<\/a>\n\t\t\t<\/div>\n\t\t\t\n\t\t\t\t\t\t<div class=\"elementor-icon-box-content\">\n\n\t\t\t\t\t\t\t\t\t<h3 class=\"elementor-icon-box-title\">\n\t\t\t\t\t\t<a href=\"tel:+56227376419\" >\n\t\t\t\t\t\t\tCourriel \u00e9lectronique\t\t\t\t\t\t<\/a>\n\t\t\t\t\t<\/h3>\n\t\t\t\t\n\t\t\t\t\t\t\t\t\t<p class=\"elementor-icon-box-description\">\n\t\t\t\t\t\tventas@equiposmineros.cl\t\t\t\t\t<\/p>\n\t\t\t\t\n\t\t\t<\/div>\n\t\t\t\n\t\t<\/div>\n\t\t\t\t\t\t<\/div>\n\t\t\t\t<\/div>\n\t\t\t\t\t<\/div>\n\t\t<\/div>\n\t\t\t\t\t<\/div>\n\t\t<\/section>\n\t\t\t\t<\/div>","protected":false},"excerpt":{"rendered":"<p>Repuestos Jumbos Perforadoras Ver M\u00e1s Viga, Carrusel, Brazo, Mordaza Ver M\u00e1s Centralizadores, Mesas Ver M\u00e1s Tel\u00e9fono (+56) 2 3296 3779 Correo electr\u00f3nico ventas@equiposmineros.cl<\/p>","protected":false},"author":7,"featured_media":0,"parent":2736,"menu_order":0,"comment_status":"closed","ping_status":"closed","template":"","meta":{"site-sidebar-layout":"no-sidebar","site-content-layout":"page-builder","ast-site-content-layout":"full-width-container","site-content-style":"unboxed","site-sidebar-style":"unboxed","ast-global-header-display":"","ast-banner-title-visibility":"","ast-main-header-display":"","ast-hfb-above-header-display":"","ast-hfb-below-header-display":"","ast-hfb-mobile-header-display":"","site-post-title":"disabled","ast-breadcrumbs-content":"","ast-featured-img":"disabled","footer-sml-layout":"","theme-transparent-header-meta":"","adv-header-id-meta":"","stick-header-meta":"","header-above-stick-meta":"","header-main-stick-meta":"","header-below-stick-meta":"","astra-migrate-meta-layouts":"set","ast-page-background-enabled":"default","ast-page-background-meta":{"desktop":{"background-color":"var(--ast-global-color-4)","background-image":"","background-repeat":"repeat","background-position":"center center","background-size":"auto","background-attachment":"scroll","background-type":"","background-media":"","overlay-type":"","overlay-color":"","overlay-opacity":"","overlay-gradient":""},"tablet":{"background-color":"","background-image":"","background-repeat":"repeat","background-position":"center center","background-size":"auto","background-attachment":"scroll","background-type":"","background-media":"","overlay-type":"","overlay-color":"","overlay-opacity":"","overlay-gradient":""},"mobile":{"background-color":"","background-image":"","background-repeat":"repeat","background-position":"center center","background-size":"auto","background-attachment":"scroll","background-type":"","background-media":"","overlay-type":"","overlay-color":"","overlay-opacity":"","overlay-gradient":""}},"ast-content-background-meta":{"desktop":{"background-color":"var(--ast-global-color-5)","background-image":"","background-repeat":"repeat","background-position":"center center","background-size":"auto","background-attachment":"scroll","background-type":"","background-media":"","overlay-type":"","overlay-color":"","overlay-opacity":"","overlay-gradient":""},"tablet":{"background-color":"var(--ast-global-color-5)","background-image":"","background-repeat":"repeat","background-position":"center center","background-size":"auto","background-attachment":"scroll","background-type":"","background-media":"","overlay-type":"","overlay-color":"","overlay-opacity":"","overlay-gradient":""},"mobile":{"background-color":"var(--ast-global-color-5)","background-image":"","background-repeat":"repeat","background-position":"center center","background-size":"auto","background-attachment":"scroll","background-type":"","background-media":"","overlay-type":"","overlay-color":"","overlay-opacity":"","overlay-gradient":""}},"footnotes":""},"class_list":["post-3348","page","type-page","status-publish","hentry"],"yoast_head":"<!-- This site is optimized with the Yoast SEO plugin v26.1 - https:\/\/yoast.com\/wordpress\/plugins\/seo\/ -->\n<title>Repuestos Jumbo | Equipos Mineros Chile<\/title>\n<meta name=\"description\" content=\"Puedes comunicarte con Equipos Mineros a trav\u00e9s del Tel\u00e9fono (+56) 2 3296 3779. Direcci\u00f3n: Col\u00f3n 2005, Independencia. Regi\u00f3n Metropolitana. Chile\" \/>\n<meta name=\"robots\" content=\"index, follow, max-snippet:-1, max-image-preview:large, max-video-preview:-1\" \/>\n<link rel=\"canonical\" href=\"https:\/\/emsasigma.com\/fr\/catalogo-productos\/repuestos-jumbo\/\" \/>\n<meta property=\"og:locale\" content=\"fr_FR\" \/>\n<meta property=\"og:type\" content=\"article\" \/>\n<meta property=\"og:title\" content=\"Repuestos Jumbo | Equipos Mineros Chile\" \/>\n<meta property=\"og:description\" content=\"Puedes comunicarte con Equipos Mineros a trav\u00e9s del Tel\u00e9fono (+56) 2 3296 3779. Direcci\u00f3n: Col\u00f3n 2005, Independencia. Regi\u00f3n Metropolitana. Chile\" \/>\n<meta property=\"og:url\" content=\"https:\/\/emsasigma.com\/fr\/catalogo-productos\/repuestos-jumbo\/\" \/>\n<meta property=\"og:site_name\" content=\"Equipos Mineros\" \/>\n<meta property=\"article:modified_time\" content=\"2025-07-28T14:11:46+00:00\" \/>\n<meta property=\"og:image\" content=\"https:\/\/emsasigma.com\/wp-content\/uploads\/2024\/10\/Recurso-13.webp\" \/>\n\t<meta property=\"og:image:width\" content=\"421\" \/>\n\t<meta property=\"og:image:height\" content=\"231\" \/>\n\t<meta property=\"og:image:type\" content=\"image\/webp\" \/>\n<meta name=\"twitter:card\" content=\"summary_large_image\" \/>\n<meta name=\"twitter:label1\" content=\"Dur\u00e9e de lecture estim\u00e9e\" \/>\n\t<meta name=\"twitter:data1\" content=\"1 minute\" \/>\n<script type=\"application\/ld+json\" class=\"yoast-schema-graph\">{\"@context\":\"https:\/\/schema.org\",\"@graph\":[{\"@type\":\"WebPage\",\"@id\":\"https:\/\/emsasigma.com\/catalogo-productos\/repuestos-jumbo\/\",\"url\":\"https:\/\/emsasigma.com\/catalogo-productos\/repuestos-jumbo\/\",\"name\":\"Repuestos Jumbo | Equipos Mineros Chile\",\"isPartOf\":{\"@id\":\"https:\/\/emsasigma.com\/pt\/#website\"},\"primaryImageOfPage\":{\"@id\":\"https:\/\/emsasigma.com\/catalogo-productos\/repuestos-jumbo\/#primaryimage\"},\"image\":{\"@id\":\"https:\/\/emsasigma.com\/catalogo-productos\/repuestos-jumbo\/#primaryimage\"},\"thumbnailUrl\":\"https:\/\/emsasigma.com\/wp-content\/uploads\/2024\/10\/Recurso-13.webp\",\"datePublished\":\"2025-04-08T17:31:23+00:00\",\"dateModified\":\"2025-07-28T14:11:46+00:00\",\"description\":\"Puedes comunicarte con Equipos Mineros a trav\u00e9s del Tel\u00e9fono (+56) 2 3296 3779. Direcci\u00f3n: Col\u00f3n 2005, Independencia. Regi\u00f3n Metropolitana. Chile\",\"breadcrumb\":{\"@id\":\"https:\/\/emsasigma.com\/catalogo-productos\/repuestos-jumbo\/#breadcrumb\"},\"inLanguage\":\"fr-FR\",\"potentialAction\":[{\"@type\":\"ReadAction\",\"target\":[\"https:\/\/emsasigma.com\/catalogo-productos\/repuestos-jumbo\/\"]}]},{\"@type\":\"ImageObject\",\"inLanguage\":\"fr-FR\",\"@id\":\"https:\/\/emsasigma.com\/catalogo-productos\/repuestos-jumbo\/#primaryimage\",\"url\":\"https:\/\/emsasigma.com\/wp-content\/uploads\/2024\/10\/Recurso-13.webp\",\"contentUrl\":\"https:\/\/emsasigma.com\/wp-content\/uploads\/2024\/10\/Recurso-13.webp\"},{\"@type\":\"BreadcrumbList\",\"@id\":\"https:\/\/emsasigma.com\/catalogo-productos\/repuestos-jumbo\/#breadcrumb\",\"itemListElement\":[{\"@type\":\"ListItem\",\"position\":1,\"name\":\"Portada\",\"item\":\"https:\/\/emsasigma.com\/\"},{\"@type\":\"ListItem\",\"position\":2,\"name\":\"Cat\u00e1logo de Productos\",\"item\":\"https:\/\/emsasigma.com\/catalogo-productos\/\"},{\"@type\":\"ListItem\",\"position\":3,\"name\":\"Repuestos Jumbo\"}]},{\"@type\":\"WebSite\",\"@id\":\"https:\/\/emsasigma.com\/pt\/#website\",\"url\":\"https:\/\/emsasigma.com\/pt\/\",\"name\":\"Equipos Mineros\",\"description\":\"\",\"publisher\":{\"@id\":\"https:\/\/emsasigma.com\/pt\/#organization\"},\"potentialAction\":[{\"@type\":\"SearchAction\",\"target\":{\"@type\":\"EntryPoint\",\"urlTemplate\":\"https:\/\/emsasigma.com\/pt\/?s={search_term_string}\"},\"query-input\":{\"@type\":\"PropertyValueSpecification\",\"valueRequired\":true,\"valueName\":\"search_term_string\"}}],\"inLanguage\":\"fr-FR\"},{\"@type\":\"Organization\",\"@id\":\"https:\/\/emsasigma.com\/pt\/#organization\",\"name\":\"Equipos Mineros\",\"url\":\"https:\/\/emsasigma.com\/pt\/\",\"logo\":{\"@type\":\"ImageObject\",\"inLanguage\":\"fr-FR\",\"@id\":\"https:\/\/emsasigma.com\/pt\/#\/schema\/logo\/image\/\",\"url\":\"https:\/\/emsasigma.com\/wp-content\/uploads\/2023\/07\/Favicon.webp\",\"contentUrl\":\"https:\/\/emsasigma.com\/wp-content\/uploads\/2023\/07\/Favicon.webp\",\"width\":500,\"height\":500,\"caption\":\"Equipos Mineros\"},\"image\":{\"@id\":\"https:\/\/emsasigma.com\/pt\/#\/schema\/logo\/image\/\"},\"sameAs\":[\"https:\/\/www.linkedin.com\/company\/equipos-mineros-emsa-ltda\/about\/\"]}]}<\/script>\n<!-- \/ Yoast SEO plugin. -->","yoast_head_json":{"title":"Repuestos Jumbo | Equipos Mineros Chile","description":"Puedes comunicarte con Equipos Mineros a trav\u00e9s del Tel\u00e9fono (+56) 2 3296 3779. Direcci\u00f3n: Col\u00f3n 2005, Independencia. Regi\u00f3n Metropolitana. Chile","robots":{"index":"index","follow":"follow","max-snippet":"max-snippet:-1","max-image-preview":"max-image-preview:large","max-video-preview":"max-video-preview:-1"},"canonical":"https:\/\/emsasigma.com\/fr\/catalogo-productos\/repuestos-jumbo\/","og_locale":"fr_FR","og_type":"article","og_title":"Repuestos Jumbo | Equipos Mineros Chile","og_description":"Puedes comunicarte con Equipos Mineros a trav\u00e9s del Tel\u00e9fono (+56) 2 3296 3779. Direcci\u00f3n: Col\u00f3n 2005, Independencia. Regi\u00f3n Metropolitana. Chile","og_url":"https:\/\/emsasigma.com\/fr\/catalogo-productos\/repuestos-jumbo\/","og_site_name":"Equipos Mineros","article_modified_time":"2025-07-28T14:11:46+00:00","og_image":[{"width":421,"height":231,"url":"https:\/\/emsasigma.com\/wp-content\/uploads\/2024\/10\/Recurso-13.webp","type":"image\/webp"}],"twitter_card":"summary_large_image","twitter_misc":{"Dur\u00e9e de lecture estim\u00e9e":"1 minute"},"schema":{"@context":"https:\/\/schema.org","@graph":[{"@type":"WebPage","@id":"https:\/\/emsasigma.com\/catalogo-productos\/repuestos-jumbo\/","url":"https:\/\/emsasigma.com\/catalogo-productos\/repuestos-jumbo\/","name":"Repuestos Jumbo | Equipos Mineros Chile","isPartOf":{"@id":"https:\/\/emsasigma.com\/pt\/#website"},"primaryImageOfPage":{"@id":"https:\/\/emsasigma.com\/catalogo-productos\/repuestos-jumbo\/#primaryimage"},"image":{"@id":"https:\/\/emsasigma.com\/catalogo-productos\/repuestos-jumbo\/#primaryimage"},"thumbnailUrl":"https:\/\/emsasigma.com\/wp-content\/uploads\/2024\/10\/Recurso-13.webp","datePublished":"2025-04-08T17:31:23+00:00","dateModified":"2025-07-28T14:11:46+00:00","description":"Puedes comunicarte con Equipos Mineros a trav\u00e9s del Tel\u00e9fono (+56) 2 3296 3779. Direcci\u00f3n: Col\u00f3n 2005, Independencia. Regi\u00f3n Metropolitana. Chile","breadcrumb":{"@id":"https:\/\/emsasigma.com\/catalogo-productos\/repuestos-jumbo\/#breadcrumb"},"inLanguage":"fr-FR","potentialAction":[{"@type":"ReadAction","target":["https:\/\/emsasigma.com\/catalogo-productos\/repuestos-jumbo\/"]}]},{"@type":"ImageObject","inLanguage":"fr-FR","@id":"https:\/\/emsasigma.com\/catalogo-productos\/repuestos-jumbo\/#primaryimage","url":"https:\/\/emsasigma.com\/wp-content\/uploads\/2024\/10\/Recurso-13.webp","contentUrl":"https:\/\/emsasigma.com\/wp-content\/uploads\/2024\/10\/Recurso-13.webp"},{"@type":"BreadcrumbList","@id":"https:\/\/emsasigma.com\/catalogo-productos\/repuestos-jumbo\/#breadcrumb","itemListElement":[{"@type":"ListItem","position":1,"name":"Portada","item":"https:\/\/emsasigma.com\/"},{"@type":"ListItem","position":2,"name":"Cat\u00e1logo de Productos","item":"https:\/\/emsasigma.com\/catalogo-productos\/"},{"@type":"ListItem","position":3,"name":"Repuestos Jumbo"}]},{"@type":"WebSite","@id":"https:\/\/emsasigma.com\/pt\/#website","url":"https:\/\/emsasigma.com\/pt\/","name":"Equipos Mineros","description":"","publisher":{"@id":"https:\/\/emsasigma.com\/pt\/#organization"},"potentialAction":[{"@type":"SearchAction","target":{"@type":"EntryPoint","urlTemplate":"https:\/\/emsasigma.com\/pt\/?s={search_term_string}"},"query-input":{"@type":"PropertyValueSpecification","valueRequired":true,"valueName":"search_term_string"}}],"inLanguage":"fr-FR"},{"@type":"Organization","@id":"https:\/\/emsasigma.com\/pt\/#organization","name":"Equipos Mineros","url":"https:\/\/emsasigma.com\/pt\/","logo":{"@type":"ImageObject","inLanguage":"fr-FR","@id":"https:\/\/emsasigma.com\/pt\/#\/schema\/logo\/image\/","url":"https:\/\/emsasigma.com\/wp-content\/uploads\/2023\/07\/Favicon.webp","contentUrl":"https:\/\/emsasigma.com\/wp-content\/uploads\/2023\/07\/Favicon.webp","width":500,"height":500,"caption":"Equipos Mineros"},"image":{"@id":"https:\/\/emsasigma.com\/pt\/#\/schema\/logo\/image\/"},"sameAs":["https:\/\/www.linkedin.com\/company\/equipos-mineros-emsa-ltda\/about\/"]}]}},"_links":{"self":[{"href":"https:\/\/emsasigma.com\/fr\/wp-json\/wp\/v2\/pages\/3348","targetHints":{"allow":["GET"]}}],"collection":[{"href":"https:\/\/emsasigma.com\/fr\/wp-json\/wp\/v2\/pages"}],"about":[{"href":"https:\/\/emsasigma.com\/fr\/wp-json\/wp\/v2\/types\/page"}],"author":[{"embeddable":true,"href":"https:\/\/emsasigma.com\/fr\/wp-json\/wp\/v2\/users\/7"}],"replies":[{"embeddable":true,"href":"https:\/\/emsasigma.com\/fr\/wp-json\/wp\/v2\/comments?post=3348"}],"version-history":[{"count":19,"href":"https:\/\/emsasigma.com\/fr\/wp-json\/wp\/v2\/pages\/3348\/revisions"}],"predecessor-version":[{"id":4126,"href":"https:\/\/emsasigma.com\/fr\/wp-json\/wp\/v2\/pages\/3348\/revisions\/4126"}],"up":[{"embeddable":true,"href":"https:\/\/emsasigma.com\/fr\/wp-json\/wp\/v2\/pages\/2736"}],"wp:attachment":[{"href":"https:\/\/emsasigma.com\/fr\/wp-json\/wp\/v2\/media?parent=3348"}],"curies":[{"name":"wp","href":"https:\/\/api.w.org\/{rel}","templated":true}]}}