{"id":4266,"date":"2025-08-22T09:51:22","date_gmt":"2025-08-22T13:51:22","guid":{"rendered":"https:\/\/emsasigma.com\/?page_id=4266"},"modified":"2025-08-27T11:07:33","modified_gmt":"2025-08-27T15:07:33","slug":"emsa-story","status":"publish","type":"page","link":"https:\/\/emsasigma.com\/en\/emsa-story\/","title":{"rendered":"EMSA story"},"content":{"rendered":"<div data-elementor-type=\"wp-page\" data-elementor-id=\"4266\" class=\"elementor elementor-4266\" data-elementor-post-type=\"page\">\n\t\t\t\t\t\t<section class=\"elementor-section elementor-top-section elementor-element elementor-element-369571e elementor-section-height-min-height elementor-section-items-stretch elementor-section-boxed elementor-section-height-default\" data-id=\"369571e\" data-element_type=\"section\" data-settings=\"{&quot;background_background&quot;:&quot;classic&quot;}\">\n\t\t\t\t\t\t\t<div class=\"elementor-background-overlay\"><\/div>\n\t\t\t\t\t\t\t<div class=\"elementor-container elementor-column-gap-default\">\n\t\t\t\t\t<div class=\"elementor-column elementor-col-50 elementor-top-column elementor-element elementor-element-9d3a72b\" data-id=\"9d3a72b\" data-element_type=\"column\">\n\t\t\t<div class=\"elementor-widget-wrap elementor-element-populated\">\n\t\t\t\t\t\t<div class=\"elementor-element elementor-element-43d448c elementor-widget elementor-widget-heading\" data-id=\"43d448c\" data-element_type=\"widget\" data-widget_type=\"heading.default\">\n\t\t\t\t<div class=\"elementor-widget-container\">\n\t\t\t\t\t<h1 class=\"elementor-heading-title elementor-size-default\">Nuestra Historia<\/h1>\t\t\t\t<\/div>\n\t\t\t\t<\/div>\n\t\t\t\t\t<\/div>\n\t\t<\/div>\n\t\t\t\t<div class=\"elementor-column elementor-col-50 elementor-top-column elementor-element elementor-element-a060dd6\" data-id=\"a060dd6\" data-element_type=\"column\">\n\t\t\t<div class=\"elementor-widget-wrap\">\n\t\t\t\t\t\t\t<\/div>\n\t\t<\/div>\n\t\t\t\t\t<\/div>\n\t\t<\/section>\n\t\t\t\t<section class=\"elementor-section elementor-top-section elementor-element elementor-element-1bf1f4c elementor-section-height-min-height elementor-section-boxed elementor-section-height-default elementor-section-items-middle\" data-id=\"1bf1f4c\" data-element_type=\"section\" data-settings=\"{&quot;background_background&quot;:&quot;classic&quot;}\">\n\t\t\t\t\t\t<div class=\"elementor-container elementor-column-gap-default\">\n\t\t\t\t\t<div class=\"elementor-column elementor-col-100 elementor-top-column elementor-element elementor-element-c11a5f6\" data-id=\"c11a5f6\" data-element_type=\"column\">\n\t\t\t<div class=\"elementor-widget-wrap elementor-element-populated\">\n\t\t\t\t\t\t<div class=\"elementor-element elementor-element-72cc636 elementor-widget elementor-widget-heading\" data-id=\"72cc636\" data-element_type=\"widget\" data-widget_type=\"heading.default\">\n\t\t\t\t<div class=\"elementor-widget-container\">\n\t\t\t\t\t<h2 class=\"elementor-heading-title elementor-size-default\">EMSA, A History of Over 50 Years<\/h2>\t\t\t\t<\/div>\n\t\t\t\t<\/div>\n\t\t\t\t<section class=\"elementor-section elementor-inner-section elementor-element elementor-element-5dbd457 elementor-section-boxed elementor-section-height-default elementor-section-height-default\" data-id=\"5dbd457\" data-element_type=\"section\">\n\t\t\t\t\t\t<div class=\"elementor-container elementor-column-gap-default\">\n\t\t\t\t\t<div class=\"elementor-column elementor-col-50 elementor-inner-column elementor-element elementor-element-26e2833\" data-id=\"26e2833\" data-element_type=\"column\">\n\t\t\t<div class=\"elementor-widget-wrap elementor-element-populated\">\n\t\t\t\t\t\t<div class=\"elementor-element elementor-element-659810e elementor-widget elementor-widget-text-editor\" data-id=\"659810e\" data-element_type=\"widget\" data-widget_type=\"text-editor.default\">\n\t\t\t\t<div class=\"elementor-widget-container\">\n\t\t\t\t\t\t\t\t\t<p>EMSA Mining Equipment has 50 years of experience in manufacturing spare parts and components for the mining industry, positioning itself as an alternative to the leading brands in the market. Our company operates with computerized machinery, thermal treatments, and metallurgical laboratories, in addition to highly qualified personnel.<\/p><p>We are on the cutting edge of international machinery and ever present in the most important mining centers, where we have acquired essential first-hand experience in drilling equipment operation and provide fast and effective solutions to the diverse problems that arise in daily operations.<\/p>\t\t\t\t\t\t\t\t<\/div>\n\t\t\t\t<\/div>\n\t\t\t\t\t<\/div>\n\t\t<\/div>\n\t\t\t\t<div class=\"elementor-column elementor-col-50 elementor-inner-column elementor-element elementor-element-67a7dff\" data-id=\"67a7dff\" data-element_type=\"column\">\n\t\t\t<div class=\"elementor-widget-wrap elementor-element-populated\">\n\t\t\t\t\t\t<div class=\"elementor-element elementor-element-95e6b9d elementor-widget elementor-widget-image\" data-id=\"95e6b9d\" data-element_type=\"widget\" data-widget_type=\"image.default\">\n\t\t\t\t<div class=\"elementor-widget-container\">\n\t\t\t\t\t\t\t\t\t\t\t\t\t\t\t<img decoding=\"async\" width=\"1\" height=\"1\" data-src=\"https:\/\/emsasigma.com\/wp-content\/uploads\/2025\/08\/Mesa-de-trabajo-1s.svg\" class=\"attachment-large size-large wp-image-4269 lazyload\" alt=\"50 years LOGO EMSA\" src=\"data:image\/svg+xml;base64,PHN2ZyB3aWR0aD0iMSIgaGVpZ2h0PSIxIiB4bWxucz0iaHR0cDovL3d3dy53My5vcmcvMjAwMC9zdmciPjwvc3ZnPg==\" style=\"--smush-placeholder-width: 1px; --smush-placeholder-aspect-ratio: 1\/1;\" \/>\t\t\t\t\t\t\t\t\t\t\t\t\t\t\t<\/div>\n\t\t\t\t<\/div>\n\t\t\t\t\t<\/div>\n\t\t<\/div>\n\t\t\t\t\t<\/div>\n\t\t<\/section>\n\t\t\t\t<section class=\"elementor-section elementor-inner-section elementor-element elementor-element-6638004 elementor-section-boxed elementor-section-height-default elementor-section-height-default\" data-id=\"6638004\" data-element_type=\"section\">\n\t\t\t\t\t\t<div class=\"elementor-container elementor-column-gap-default\">\n\t\t\t\t\t<div class=\"elementor-column elementor-col-50 elementor-inner-column elementor-element elementor-element-2ee7ac5\" data-id=\"2ee7ac5\" data-element_type=\"column\">\n\t\t\t<div class=\"elementor-widget-wrap elementor-element-populated\">\n\t\t\t\t\t\t<div class=\"elementor-element elementor-element-ef82939 elementor-widget elementor-widget-image\" data-id=\"ef82939\" data-element_type=\"widget\" data-widget_type=\"image.default\">\n\t\t\t\t<div class=\"elementor-widget-container\">\n\t\t\t\t\t\t\t\t\t\t\t\t\t\t\t<img fetchpriority=\"high\" decoding=\"async\" width=\"1024\" height=\"792\" src=\"https:\/\/emsasigma.com\/wp-content\/uploads\/2025\/08\/expo-em-copy-1024x792.jpg\" class=\"attachment-large size-large wp-image-4268\" alt=\"EMSA EXPO LAS VEGAS 1997\" srcset=\"https:\/\/emsasigma.com\/wp-content\/uploads\/2025\/08\/expo-em-copy-1024x792.jpg 1024w, https:\/\/emsasigma.com\/wp-content\/uploads\/2025\/08\/expo-em-copy-300x232.jpg 300w, https:\/\/emsasigma.com\/wp-content\/uploads\/2025\/08\/expo-em-copy-768x594.jpg 768w, https:\/\/emsasigma.com\/wp-content\/uploads\/2025\/08\/expo-em-copy-1536x1188.jpg 1536w, https:\/\/emsasigma.com\/wp-content\/uploads\/2025\/08\/expo-em-copy-2048x1584.jpg 2048w, https:\/\/emsasigma.com\/wp-content\/uploads\/2025\/08\/expo-em-copy-16x12.jpg 16w, https:\/\/emsasigma.com\/wp-content\/uploads\/2025\/08\/expo-em-copy-600x464.jpg 600w\" sizes=\"(max-width: 1024px) 100vw, 1024px\" \/>\t\t\t\t\t\t\t\t\t\t\t\t\t\t\t<\/div>\n\t\t\t\t<\/div>\n\t\t\t\t<div class=\"elementor-element elementor-element-e3bdc09 elementor-widget elementor-widget-text-editor\" data-id=\"e3bdc09\" data-element_type=\"widget\" data-widget_type=\"text-editor.default\">\n\t\t\t\t<div class=\"elementor-widget-container\">\n\t\t\t\t\t\t\t\t\t<p>EMSA En Minexpo &#8211; Las Vegas, 1996<\/p>\t\t\t\t\t\t\t\t<\/div>\n\t\t\t\t<\/div>\n\t\t\t\t\t<\/div>\n\t\t<\/div>\n\t\t\t\t<div class=\"elementor-column elementor-col-50 elementor-inner-column elementor-element elementor-element-0f897d4\" data-id=\"0f897d4\" data-element_type=\"column\">\n\t\t\t<div class=\"elementor-widget-wrap elementor-element-populated\">\n\t\t\t\t\t\t<div class=\"elementor-element elementor-element-22f04c0 elementor-widget elementor-widget-image\" data-id=\"22f04c0\" data-element_type=\"widget\" data-widget_type=\"image.default\">\n\t\t\t\t<div class=\"elementor-widget-container\">\n\t\t\t\t\t\t\t\t\t\t\t\t\t\t\t<img decoding=\"async\" width=\"1024\" height=\"700\" data-src=\"https:\/\/emsasigma.com\/wp-content\/uploads\/2025\/08\/mine2-1024x700.webp\" class=\"attachment-large size-large wp-image-4359 lazyload\" alt=\"Minetime expo emsa 1999\" data-srcset=\"https:\/\/emsasigma.com\/wp-content\/uploads\/2025\/08\/mine2-1024x700.webp 1024w, https:\/\/emsasigma.com\/wp-content\/uploads\/2025\/08\/mine2-300x205.webp 300w, https:\/\/emsasigma.com\/wp-content\/uploads\/2025\/08\/mine2-768x525.webp 768w, https:\/\/emsasigma.com\/wp-content\/uploads\/2025\/08\/mine2-1536x1050.webp 1536w, https:\/\/emsasigma.com\/wp-content\/uploads\/2025\/08\/mine2-18x12.webp 18w, https:\/\/emsasigma.com\/wp-content\/uploads\/2025\/08\/mine2-600x410.webp 600w, https:\/\/emsasigma.com\/wp-content\/uploads\/2025\/08\/mine2.webp 1580w\" data-sizes=\"(max-width: 1024px) 100vw, 1024px\" src=\"data:image\/svg+xml;base64,PHN2ZyB3aWR0aD0iMSIgaGVpZ2h0PSIxIiB4bWxucz0iaHR0cDovL3d3dy53My5vcmcvMjAwMC9zdmciPjwvc3ZnPg==\" style=\"--smush-placeholder-width: 1024px; --smush-placeholder-aspect-ratio: 1024\/700;\" \/>\t\t\t\t\t\t\t\t\t\t\t\t\t\t\t<\/div>\n\t\t\t\t<\/div>\n\t\t\t\t<div class=\"elementor-element elementor-element-8bca963 elementor-widget elementor-widget-text-editor\" data-id=\"8bca963\" data-element_type=\"widget\" data-widget_type=\"text-editor.default\">\n\t\t\t\t<div class=\"elementor-widget-container\">\n\t\t\t\t\t\t\t\t\t<p>EMSA en Minetime &#8211; Dusseldorf, 1999<\/p>\t\t\t\t\t\t\t\t<\/div>\n\t\t\t\t<\/div>\n\t\t\t\t\t<\/div>\n\t\t<\/div>\n\t\t\t\t\t<\/div>\n\t\t<\/section>\n\t\t\t\t\t<\/div>\n\t\t<\/div>\n\t\t\t\t\t<\/div>\n\t\t<\/section>\n\t\t\t\t<\/div>","protected":false},"excerpt":{"rendered":"<p>Nuestra Historia EMSA, Una Historia de hace m\u00e1s de 50 a\u00f1os Equipos Mineros EMSA tiene 50 a\u00f1os de experiencia en la fabricaci\u00f3n de repuestos y componentes para la miner\u00eda, present\u00e1ndose como alternativa a las principales marcas del mercado. Nuestra empresa se compone por maquinaria computarizada, tratamientos t\u00e9rmicos y laboratorios metal\u00fargicos, adem\u00e1s de personal altamente calificado. [&hellip;]<\/p>","protected":false},"author":7,"featured_media":0,"parent":0,"menu_order":0,"comment_status":"closed","ping_status":"closed","template":"","meta":{"site-sidebar-layout":"no-sidebar","site-content-layout":"page-builder","ast-site-content-layout":"full-width-container","site-content-style":"unboxed","site-sidebar-style":"unboxed","ast-global-header-display":"","ast-banner-title-visibility":"","ast-main-header-display":"","ast-hfb-above-header-display":"","ast-hfb-below-header-display":"","ast-hfb-mobile-header-display":"","site-post-title":"disabled","ast-breadcrumbs-content":"","ast-featured-img":"disabled","footer-sml-layout":"","theme-transparent-header-meta":"","adv-header-id-meta":"","stick-header-meta":"","header-above-stick-meta":"","header-main-stick-meta":"","header-below-stick-meta":"","astra-migrate-meta-layouts":"set","ast-page-background-enabled":"default","ast-page-background-meta":{"desktop":{"background-color":"var(--ast-global-color-4)","background-image":"","background-repeat":"repeat","background-position":"center center","background-size":"auto","background-attachment":"scroll","background-type":"","background-media":"","overlay-type":"","overlay-color":"","overlay-opacity":"","overlay-gradient":""},"tablet":{"background-color":"","background-image":"","background-repeat":"repeat","background-position":"center center","background-size":"auto","background-attachment":"scroll","background-type":"","background-media":"","overlay-type":"","overlay-color":"","overlay-opacity":"","overlay-gradient":""},"mobile":{"background-color":"","background-image":"","background-repeat":"repeat","background-position":"center center","background-size":"auto","background-attachment":"scroll","background-type":"","background-media":"","overlay-type":"","overlay-color":"","overlay-opacity":"","overlay-gradient":""}},"ast-content-background-meta":{"desktop":{"background-color":"var(--ast-global-color-5)","background-image":"","background-repeat":"repeat","background-position":"center center","background-size":"auto","background-attachment":"scroll","background-type":"","background-media":"","overlay-type":"","overlay-color":"","overlay-opacity":"","overlay-gradient":""},"tablet":{"background-color":"var(--ast-global-color-5)","background-image":"","background-repeat":"repeat","background-position":"center center","background-size":"auto","background-attachment":"scroll","background-type":"","background-media":"","overlay-type":"","overlay-color":"","overlay-opacity":"","overlay-gradient":""},"mobile":{"background-color":"var(--ast-global-color-5)","background-image":"","background-repeat":"repeat","background-position":"center center","background-size":"auto","background-attachment":"scroll","background-type":"","background-media":"","overlay-type":"","overlay-color":"","overlay-opacity":"","overlay-gradient":""}},"footnotes":""},"class_list":["post-4266","page","type-page","status-publish","hentry"],"yoast_head":"<!-- This site is optimized with the Yoast SEO plugin v26.1 - https:\/\/yoast.com\/wordpress\/plugins\/seo\/ -->\n<title>Empresa Equipos Mineros EMSA<\/title>\n<meta name=\"description\" content=\"Soluciones y repuestos para miner\u00eda e industria. Optimiza tus operaciones con EMSA. Calidad, soporte t\u00e9cnico y entrega confiable. \u00a1Cont\u00e1ctanos hoy!\" \/>\n<meta name=\"robots\" content=\"index, follow, max-snippet:-1, max-image-preview:large, max-video-preview:-1\" \/>\n<link rel=\"canonical\" href=\"https:\/\/emsasigma.com\/en\/emsa-story\/\" \/>\n<meta property=\"og:locale\" content=\"en_US\" \/>\n<meta property=\"og:type\" content=\"article\" \/>\n<meta property=\"og:title\" content=\"Empresa Equipos Mineros EMSA\" \/>\n<meta property=\"og:description\" content=\"Soluciones y repuestos para miner\u00eda e industria. Optimiza tus operaciones con EMSA. Calidad, soporte t\u00e9cnico y entrega confiable. \u00a1Cont\u00e1ctanos hoy!\" \/>\n<meta property=\"og:url\" content=\"https:\/\/emsasigma.com\/en\/emsa-story\/\" \/>\n<meta property=\"og:site_name\" content=\"Equipos Mineros\" \/>\n<meta property=\"article:modified_time\" content=\"2025-08-27T15:07:33+00:00\" \/>\n<meta property=\"og:image\" content=\"https:\/\/emsasigma.com\/wp-content\/uploads\/2023\/06\/Logo-Equipos-mineros2.webp\" \/>\n\t<meta property=\"og:image:width\" content=\"683\" \/>\n\t<meta property=\"og:image:height\" content=\"534\" \/>\n\t<meta property=\"og:image:type\" content=\"image\/webp\" \/>\n<meta name=\"twitter:card\" content=\"summary_large_image\" \/>\n<meta name=\"twitter:label1\" content=\"Est. reading time\" \/>\n\t<meta name=\"twitter:data1\" content=\"2 minutes\" \/>\n<script type=\"application\/ld+json\" class=\"yoast-schema-graph\">{\"@context\":\"https:\/\/schema.org\",\"@graph\":[{\"@type\":\"WebPage\",\"@id\":\"https:\/\/emsasigma.com\/emsa-story\/\",\"url\":\"https:\/\/emsasigma.com\/emsa-story\/\",\"name\":\"Empresa Equipos Mineros EMSA\",\"isPartOf\":{\"@id\":\"https:\/\/emsasigma.com\/pt\/#website\"},\"primaryImageOfPage\":{\"@id\":\"https:\/\/emsasigma.com\/emsa-story\/#primaryimage\"},\"image\":{\"@id\":\"https:\/\/emsasigma.com\/emsa-story\/#primaryimage\"},\"thumbnailUrl\":\"https:\/\/emsasigma.com\/wp-content\/uploads\/2025\/08\/Mesa-de-trabajo-1s.svg\",\"datePublished\":\"2025-08-22T13:51:22+00:00\",\"dateModified\":\"2025-08-27T15:07:33+00:00\",\"description\":\"Soluciones y repuestos para miner\u00eda e industria. Optimiza tus operaciones con EMSA. Calidad, soporte t\u00e9cnico y entrega confiable. \u00a1Cont\u00e1ctanos hoy!\",\"breadcrumb\":{\"@id\":\"https:\/\/emsasigma.com\/emsa-story\/#breadcrumb\"},\"inLanguage\":\"en-US\",\"potentialAction\":[{\"@type\":\"ReadAction\",\"target\":[\"https:\/\/emsasigma.com\/emsa-story\/\"]}]},{\"@type\":\"ImageObject\",\"inLanguage\":\"en-US\",\"@id\":\"https:\/\/emsasigma.com\/emsa-story\/#primaryimage\",\"url\":\"https:\/\/emsasigma.com\/wp-content\/uploads\/2025\/08\/Mesa-de-trabajo-1s.svg\",\"contentUrl\":\"https:\/\/emsasigma.com\/wp-content\/uploads\/2025\/08\/Mesa-de-trabajo-1s.svg\"},{\"@type\":\"BreadcrumbList\",\"@id\":\"https:\/\/emsasigma.com\/emsa-story\/#breadcrumb\",\"itemListElement\":[{\"@type\":\"ListItem\",\"position\":1,\"name\":\"Portada\",\"item\":\"https:\/\/emsasigma.com\/\"},{\"@type\":\"ListItem\",\"position\":2,\"name\":\"EMSA story\"}]},{\"@type\":\"WebSite\",\"@id\":\"https:\/\/emsasigma.com\/pt\/#website\",\"url\":\"https:\/\/emsasigma.com\/pt\/\",\"name\":\"Equipos Mineros\",\"description\":\"\",\"publisher\":{\"@id\":\"https:\/\/emsasigma.com\/pt\/#organization\"},\"potentialAction\":[{\"@type\":\"SearchAction\",\"target\":{\"@type\":\"EntryPoint\",\"urlTemplate\":\"https:\/\/emsasigma.com\/pt\/?s={search_term_string}\"},\"query-input\":{\"@type\":\"PropertyValueSpecification\",\"valueRequired\":true,\"valueName\":\"search_term_string\"}}],\"inLanguage\":\"en-US\"},{\"@type\":\"Organization\",\"@id\":\"https:\/\/emsasigma.com\/pt\/#organization\",\"name\":\"Equipos Mineros\",\"url\":\"https:\/\/emsasigma.com\/pt\/\",\"logo\":{\"@type\":\"ImageObject\",\"inLanguage\":\"en-US\",\"@id\":\"https:\/\/emsasigma.com\/pt\/#\/schema\/logo\/image\/\",\"url\":\"https:\/\/emsasigma.com\/wp-content\/uploads\/2023\/07\/Favicon.webp\",\"contentUrl\":\"https:\/\/emsasigma.com\/wp-content\/uploads\/2023\/07\/Favicon.webp\",\"width\":500,\"height\":500,\"caption\":\"Equipos Mineros\"},\"image\":{\"@id\":\"https:\/\/emsasigma.com\/pt\/#\/schema\/logo\/image\/\"},\"sameAs\":[\"https:\/\/www.linkedin.com\/company\/equipos-mineros-emsa-ltda\/about\/\"]}]}<\/script>\n<!-- \/ Yoast SEO plugin. -->","yoast_head_json":{"title":"Empresa Equipos Mineros EMSA","description":"Soluciones y repuestos para miner\u00eda e industria. Optimiza tus operaciones con EMSA. Calidad, soporte t\u00e9cnico y entrega confiable. \u00a1Cont\u00e1ctanos hoy!","robots":{"index":"index","follow":"follow","max-snippet":"max-snippet:-1","max-image-preview":"max-image-preview:large","max-video-preview":"max-video-preview:-1"},"canonical":"https:\/\/emsasigma.com\/en\/emsa-story\/","og_locale":"en_US","og_type":"article","og_title":"Empresa Equipos Mineros EMSA","og_description":"Soluciones y repuestos para miner\u00eda e industria. Optimiza tus operaciones con EMSA. Calidad, soporte t\u00e9cnico y entrega confiable. \u00a1Cont\u00e1ctanos hoy!","og_url":"https:\/\/emsasigma.com\/en\/emsa-story\/","og_site_name":"Equipos Mineros","article_modified_time":"2025-08-27T15:07:33+00:00","og_image":[{"width":683,"height":534,"url":"https:\/\/emsasigma.com\/wp-content\/uploads\/2023\/06\/Logo-Equipos-mineros2.webp","type":"image\/webp"}],"twitter_card":"summary_large_image","twitter_misc":{"Est. reading time":"2 minutes"},"schema":{"@context":"https:\/\/schema.org","@graph":[{"@type":"WebPage","@id":"https:\/\/emsasigma.com\/emsa-story\/","url":"https:\/\/emsasigma.com\/emsa-story\/","name":"Empresa Equipos Mineros EMSA","isPartOf":{"@id":"https:\/\/emsasigma.com\/pt\/#website"},"primaryImageOfPage":{"@id":"https:\/\/emsasigma.com\/emsa-story\/#primaryimage"},"image":{"@id":"https:\/\/emsasigma.com\/emsa-story\/#primaryimage"},"thumbnailUrl":"https:\/\/emsasigma.com\/wp-content\/uploads\/2025\/08\/Mesa-de-trabajo-1s.svg","datePublished":"2025-08-22T13:51:22+00:00","dateModified":"2025-08-27T15:07:33+00:00","description":"Soluciones y repuestos para miner\u00eda e industria. Optimiza tus operaciones con EMSA. Calidad, soporte t\u00e9cnico y entrega confiable. \u00a1Cont\u00e1ctanos hoy!","breadcrumb":{"@id":"https:\/\/emsasigma.com\/emsa-story\/#breadcrumb"},"inLanguage":"en-US","potentialAction":[{"@type":"ReadAction","target":["https:\/\/emsasigma.com\/emsa-story\/"]}]},{"@type":"ImageObject","inLanguage":"en-US","@id":"https:\/\/emsasigma.com\/emsa-story\/#primaryimage","url":"https:\/\/emsasigma.com\/wp-content\/uploads\/2025\/08\/Mesa-de-trabajo-1s.svg","contentUrl":"https:\/\/emsasigma.com\/wp-content\/uploads\/2025\/08\/Mesa-de-trabajo-1s.svg"},{"@type":"BreadcrumbList","@id":"https:\/\/emsasigma.com\/emsa-story\/#breadcrumb","itemListElement":[{"@type":"ListItem","position":1,"name":"Portada","item":"https:\/\/emsasigma.com\/"},{"@type":"ListItem","position":2,"name":"EMSA story"}]},{"@type":"WebSite","@id":"https:\/\/emsasigma.com\/pt\/#website","url":"https:\/\/emsasigma.com\/pt\/","name":"Equipos Mineros","description":"","publisher":{"@id":"https:\/\/emsasigma.com\/pt\/#organization"},"potentialAction":[{"@type":"SearchAction","target":{"@type":"EntryPoint","urlTemplate":"https:\/\/emsasigma.com\/pt\/?s={search_term_string}"},"query-input":{"@type":"PropertyValueSpecification","valueRequired":true,"valueName":"search_term_string"}}],"inLanguage":"en-US"},{"@type":"Organization","@id":"https:\/\/emsasigma.com\/pt\/#organization","name":"Equipos Mineros","url":"https:\/\/emsasigma.com\/pt\/","logo":{"@type":"ImageObject","inLanguage":"en-US","@id":"https:\/\/emsasigma.com\/pt\/#\/schema\/logo\/image\/","url":"https:\/\/emsasigma.com\/wp-content\/uploads\/2023\/07\/Favicon.webp","contentUrl":"https:\/\/emsasigma.com\/wp-content\/uploads\/2023\/07\/Favicon.webp","width":500,"height":500,"caption":"Equipos Mineros"},"image":{"@id":"https:\/\/emsasigma.com\/pt\/#\/schema\/logo\/image\/"},"sameAs":["https:\/\/www.linkedin.com\/company\/equipos-mineros-emsa-ltda\/about\/"]}]}},"_links":{"self":[{"href":"https:\/\/emsasigma.com\/en\/wp-json\/wp\/v2\/pages\/4266","targetHints":{"allow":["GET"]}}],"collection":[{"href":"https:\/\/emsasigma.com\/en\/wp-json\/wp\/v2\/pages"}],"about":[{"href":"https:\/\/emsasigma.com\/en\/wp-json\/wp\/v2\/types\/page"}],"author":[{"embeddable":true,"href":"https:\/\/emsasigma.com\/en\/wp-json\/wp\/v2\/users\/7"}],"replies":[{"embeddable":true,"href":"https:\/\/emsasigma.com\/en\/wp-json\/wp\/v2\/comments?post=4266"}],"version-history":[{"count":19,"href":"https:\/\/emsasigma.com\/en\/wp-json\/wp\/v2\/pages\/4266\/revisions"}],"predecessor-version":[{"id":4369,"href":"https:\/\/emsasigma.com\/en\/wp-json\/wp\/v2\/pages\/4266\/revisions\/4369"}],"wp:attachment":[{"href":"https:\/\/emsasigma.com\/en\/wp-json\/wp\/v2\/media?parent=4266"}],"curies":[{"name":"wp","href":"https:\/\/api.w.org\/{rel}","templated":true}]}}