{"id":2983,"date":"2025-02-12T10:23:47","date_gmt":"2025-02-12T14:23:47","guid":{"rendered":"https:\/\/emsasigma.com\/?page_id=2983"},"modified":"2025-09-01T12:32:56","modified_gmt":"2025-09-01T16:32:56","slug":"cilindros-hidraulicos","status":"publish","type":"page","link":"https:\/\/emsasigma.com\/en\/catalogo-productos\/cilindros-hidraulicos\/","title":{"rendered":"Hydraulic cylinders"},"content":{"rendered":"<div data-elementor-type=\"wp-page\" data-elementor-id=\"2983\" class=\"elementor elementor-2983\" data-elementor-post-type=\"page\">\n\t\t\t\t\t\t<section class=\"elementor-section elementor-top-section elementor-element elementor-element-e6aac0d elementor-section-height-min-height elementor-section-items-stretch elementor-section-boxed elementor-section-height-default\" data-id=\"e6aac0d\" data-element_type=\"section\" data-settings=\"{&quot;background_background&quot;:&quot;classic&quot;}\">\n\t\t\t\t\t\t\t<div class=\"elementor-background-overlay\"><\/div>\n\t\t\t\t\t\t\t<div class=\"elementor-container elementor-column-gap-default\">\n\t\t\t\t\t<div class=\"elementor-column elementor-col-50 elementor-top-column elementor-element elementor-element-d851448\" data-id=\"d851448\" data-element_type=\"column\">\n\t\t\t<div class=\"elementor-widget-wrap elementor-element-populated\">\n\t\t\t\t\t\t<div class=\"elementor-element elementor-element-9d47ad0 elementor-widget elementor-widget-heading\" data-id=\"9d47ad0\" data-element_type=\"widget\" data-widget_type=\"heading.default\">\n\t\t\t\t<div class=\"elementor-widget-container\">\n\t\t\t\t\t<h3 class=\"elementor-heading-title elementor-size-default\"><a href=\"\/en\/catalogo-productos\/repuestos-martillo\/\">Spare parts for Hydraulic Breakers<\/a><\/h3>\t\t\t\t<\/div>\n\t\t\t\t<\/div>\n\t\t\t\t<div class=\"elementor-element elementor-element-7081449 elementor-widget elementor-widget-heading\" data-id=\"7081449\" data-element_type=\"widget\" data-widget_type=\"heading.default\">\n\t\t\t\t<div class=\"elementor-widget-container\">\n\t\t\t\t\t<h1 class=\"elementor-heading-title elementor-size-default\">Hydraulic cylinders<\/h1>\t\t\t\t<\/div>\n\t\t\t\t<\/div>\n\t\t\t\t\t<\/div>\n\t\t<\/div>\n\t\t\t\t<div class=\"elementor-column elementor-col-50 elementor-top-column elementor-element elementor-element-09bf754\" data-id=\"09bf754\" data-element_type=\"column\">\n\t\t\t<div class=\"elementor-widget-wrap\">\n\t\t\t\t\t\t\t<\/div>\n\t\t<\/div>\n\t\t\t\t\t<\/div>\n\t\t<\/section>\n\t\t\t\t<section class=\"elementor-section elementor-top-section elementor-element elementor-element-5c86f16 elementor-section-boxed elementor-section-height-default elementor-section-height-default\" data-id=\"5c86f16\" data-element_type=\"section\">\n\t\t\t\t\t\t<div class=\"elementor-container elementor-column-gap-default\">\n\t\t\t\t\t<div class=\"elementor-column elementor-col-100 elementor-top-column elementor-element elementor-element-e329e08\" data-id=\"e329e08\" data-element_type=\"column\">\n\t\t\t<div class=\"elementor-widget-wrap elementor-element-populated\">\n\t\t\t\t\t\t<div class=\"elementor-element elementor-element-b97a63b elementor-widget elementor-widget-spacer\" data-id=\"b97a63b\" data-element_type=\"widget\" data-widget_type=\"spacer.default\">\n\t\t\t\t<div class=\"elementor-widget-container\">\n\t\t\t\t\t\t\t<div class=\"elementor-spacer\">\n\t\t\t<div class=\"elementor-spacer-inner\"><\/div>\n\t\t<\/div>\n\t\t\t\t\t\t<\/div>\n\t\t\t\t<\/div>\n\t\t\t\t<section class=\"elementor-section elementor-inner-section elementor-element elementor-element-21c5046 elementor-section-boxed elementor-section-height-default elementor-section-height-default\" data-id=\"21c5046\" data-element_type=\"section\">\n\t\t\t\t\t\t<div class=\"elementor-container elementor-column-gap-default\">\n\t\t\t\t\t<div class=\"elementor-column elementor-col-33 elementor-inner-column elementor-element elementor-element-5fd4241\" data-id=\"5fd4241\" data-element_type=\"column\">\n\t\t\t<div class=\"elementor-widget-wrap elementor-element-populated\">\n\t\t\t\t\t\t<div class=\"elementor-element elementor-element-69c79b0 elementor-widget elementor-widget-image\" data-id=\"69c79b0\" data-element_type=\"widget\" data-widget_type=\"image.default\">\n\t\t\t\t<div class=\"elementor-widget-container\">\n\t\t\t\t\t\t\t\t\t\t\t\t\t\t\t<img fetchpriority=\"high\" decoding=\"async\" width=\"5492\" height=\"4000\" src=\"https:\/\/emsasigma.com\/wp-content\/uploads\/2025\/09\/DSF6471.webp\" class=\"attachment-full size-full wp-image-4397\" alt=\"Cilindros Hidr\u00e1ulicos\" srcset=\"https:\/\/emsasigma.com\/wp-content\/uploads\/2025\/09\/DSF6471.webp 5492w, https:\/\/emsasigma.com\/wp-content\/uploads\/2025\/09\/DSF6471-300x218.webp 300w, https:\/\/emsasigma.com\/wp-content\/uploads\/2025\/09\/DSF6471-1024x746.webp 1024w, https:\/\/emsasigma.com\/wp-content\/uploads\/2025\/09\/DSF6471-768x559.webp 768w, https:\/\/emsasigma.com\/wp-content\/uploads\/2025\/09\/DSF6471-1536x1119.webp 1536w, https:\/\/emsasigma.com\/wp-content\/uploads\/2025\/09\/DSF6471-2048x1492.webp 2048w, https:\/\/emsasigma.com\/wp-content\/uploads\/2025\/09\/DSF6471-16x12.webp 16w, https:\/\/emsasigma.com\/wp-content\/uploads\/2025\/09\/DSF6471-600x437.webp 600w\" sizes=\"(max-width: 5492px) 100vw, 5492px\" \/>\t\t\t\t\t\t\t\t\t\t\t\t\t\t\t<\/div>\n\t\t\t\t<\/div>\n\t\t\t\t\t<\/div>\n\t\t<\/div>\n\t\t\t\t<div class=\"elementor-column elementor-col-33 elementor-inner-column elementor-element elementor-element-b86238c\" data-id=\"b86238c\" data-element_type=\"column\">\n\t\t\t<div class=\"elementor-widget-wrap elementor-element-populated\">\n\t\t\t\t\t\t<div class=\"elementor-element elementor-element-69bd6fe elementor-widget elementor-widget-image\" data-id=\"69bd6fe\" data-element_type=\"widget\" data-widget_type=\"image.default\">\n\t\t\t\t<div class=\"elementor-widget-container\">\n\t\t\t\t\t\t\t\t\t\t\t\t\t\t\t<img decoding=\"async\" width=\"5746\" height=\"2453\" data-src=\"https:\/\/emsasigma.com\/wp-content\/uploads\/2025\/09\/DSF6491-nbg.bak_.webp\" class=\"attachment-full size-full wp-image-4424 lazyload\" alt=\"\" data-srcset=\"https:\/\/emsasigma.com\/wp-content\/uploads\/2025\/09\/DSF6491-nbg.bak_.webp 5746w, https:\/\/emsasigma.com\/wp-content\/uploads\/2025\/09\/DSF6491-nbg.bak_-300x128.webp 300w, https:\/\/emsasigma.com\/wp-content\/uploads\/2025\/09\/DSF6491-nbg.bak_-1024x437.webp 1024w, https:\/\/emsasigma.com\/wp-content\/uploads\/2025\/09\/DSF6491-nbg.bak_-768x328.webp 768w, https:\/\/emsasigma.com\/wp-content\/uploads\/2025\/09\/DSF6491-nbg.bak_-1536x656.webp 1536w, https:\/\/emsasigma.com\/wp-content\/uploads\/2025\/09\/DSF6491-nbg.bak_-2048x874.webp 2048w, https:\/\/emsasigma.com\/wp-content\/uploads\/2025\/09\/DSF6491-nbg.bak_-18x8.webp 18w, https:\/\/emsasigma.com\/wp-content\/uploads\/2025\/09\/DSF6491-nbg.bak_-600x256.webp 600w\" data-sizes=\"(max-width: 5746px) 100vw, 5746px\" src=\"data:image\/svg+xml;base64,PHN2ZyB3aWR0aD0iMSIgaGVpZ2h0PSIxIiB4bWxucz0iaHR0cDovL3d3dy53My5vcmcvMjAwMC9zdmciPjwvc3ZnPg==\" style=\"--smush-placeholder-width: 5746px; --smush-placeholder-aspect-ratio: 5746\/2453;\" \/>\t\t\t\t\t\t\t\t\t\t\t\t\t\t\t<\/div>\n\t\t\t\t<\/div>\n\t\t\t\t<div class=\"elementor-element elementor-element-ff87488 elementor-widget elementor-widget-image\" data-id=\"ff87488\" data-element_type=\"widget\" data-widget_type=\"image.default\">\n\t\t\t\t<div class=\"elementor-widget-container\">\n\t\t\t\t\t\t\t\t\t\t\t\t\t\t\t<img decoding=\"async\" width=\"6000\" height=\"4000\" data-src=\"https:\/\/emsasigma.com\/wp-content\/uploads\/2025\/09\/DSF6495-Recuperado.webp\" class=\"attachment-full size-full wp-image-4426 lazyload\" alt=\"\" data-srcset=\"https:\/\/emsasigma.com\/wp-content\/uploads\/2025\/09\/DSF6495-Recuperado.webp 6000w, https:\/\/emsasigma.com\/wp-content\/uploads\/2025\/09\/DSF6495-Recuperado-300x200.webp 300w, https:\/\/emsasigma.com\/wp-content\/uploads\/2025\/09\/DSF6495-Recuperado-1024x683.webp 1024w, https:\/\/emsasigma.com\/wp-content\/uploads\/2025\/09\/DSF6495-Recuperado-768x512.webp 768w, https:\/\/emsasigma.com\/wp-content\/uploads\/2025\/09\/DSF6495-Recuperado-1536x1024.webp 1536w, https:\/\/emsasigma.com\/wp-content\/uploads\/2025\/09\/DSF6495-Recuperado-2048x1365.webp 2048w, https:\/\/emsasigma.com\/wp-content\/uploads\/2025\/09\/DSF6495-Recuperado-18x12.webp 18w, https:\/\/emsasigma.com\/wp-content\/uploads\/2025\/09\/DSF6495-Recuperado-600x400.webp 600w\" data-sizes=\"(max-width: 6000px) 100vw, 6000px\" src=\"data:image\/svg+xml;base64,PHN2ZyB3aWR0aD0iMSIgaGVpZ2h0PSIxIiB4bWxucz0iaHR0cDovL3d3dy53My5vcmcvMjAwMC9zdmciPjwvc3ZnPg==\" style=\"--smush-placeholder-width: 6000px; --smush-placeholder-aspect-ratio: 6000\/4000;\" \/>\t\t\t\t\t\t\t\t\t\t\t\t\t\t\t<\/div>\n\t\t\t\t<\/div>\n\t\t\t\t\t<\/div>\n\t\t<\/div>\n\t\t\t\t<div class=\"elementor-column elementor-col-33 elementor-inner-column elementor-element elementor-element-237c0c1\" data-id=\"237c0c1\" data-element_type=\"column\">\n\t\t\t<div class=\"elementor-widget-wrap elementor-element-populated\">\n\t\t\t\t\t\t<div class=\"elementor-element elementor-element-228d929 elementor-widget elementor-widget-heading\" data-id=\"228d929\" data-element_type=\"widget\" data-widget_type=\"heading.default\">\n\t\t\t\t<div class=\"elementor-widget-container\">\n\t\t\t\t\t<h2 class=\"elementor-heading-title elementor-size-default\">Variedades de Cilindros Hidr\u00e1ulicos.\nExplorar nuestras alternativas seg\u00fan sus requerimientos t\u00e9cnicos.<\/h2>\t\t\t\t<\/div>\n\t\t\t\t<\/div>\n\t\t\t\t<div class=\"elementor-element elementor-element-1f55f6a elementor-align-center elementor-widget elementor-widget-button\" data-id=\"1f55f6a\" data-element_type=\"widget\" data-widget_type=\"button.default\">\n\t\t\t\t<div class=\"elementor-widget-container\">\n\t\t\t\t\t\t\t\t\t<div class=\"elementor-button-wrapper\">\n\t\t\t\t\t<a class=\"elementor-button elementor-button-link elementor-size-sm\" href=\"\/en\/contacto\/\">\n\t\t\t\t\t\t<span class=\"elementor-button-content-wrapper\">\n\t\t\t\t\t\t\t\t\t<span class=\"elementor-button-text\">QUOTE NOW<\/span>\n\t\t\t\t\t<\/span>\n\t\t\t\t\t<\/a>\n\t\t\t\t<\/div>\n\t\t\t\t\t\t\t\t<\/div>\n\t\t\t\t<\/div>\n\t\t\t\t\t<\/div>\n\t\t<\/div>\n\t\t\t\t\t<\/div>\n\t\t<\/section>\n\t\t\t\t<div class=\"elementor-element elementor-element-ceb9be2 elementor-widget elementor-widget-spacer\" data-id=\"ceb9be2\" data-element_type=\"widget\" data-widget_type=\"spacer.default\">\n\t\t\t\t<div class=\"elementor-widget-container\">\n\t\t\t\t\t\t\t<div class=\"elementor-spacer\">\n\t\t\t<div class=\"elementor-spacer-inner\"><\/div>\n\t\t<\/div>\n\t\t\t\t\t\t<\/div>\n\t\t\t\t<\/div>\n\t\t\t\t\t<\/div>\n\t\t<\/div>\n\t\t\t\t\t<\/div>\n\t\t<\/section>\n\t\t\t\t<\/div>","protected":false},"excerpt":{"rendered":"<p>\u2190 Repuestos para Martillos Hidr\u00e1ulicos Cilindros Hidr\u00e1ulicos Variedades de Cilindros Hidr\u00e1ulicos. Explorar nuestras alternativas seg\u00fan sus requerimientos t\u00e9cnicos. Cotizar ahora<\/p>","protected":false},"author":7,"featured_media":0,"parent":2736,"menu_order":0,"comment_status":"closed","ping_status":"closed","template":"","meta":{"site-sidebar-layout":"no-sidebar","site-content-layout":"page-builder","ast-site-content-layout":"full-width-container","site-content-style":"unboxed","site-sidebar-style":"unboxed","ast-global-header-display":"","ast-banner-title-visibility":"","ast-main-header-display":"","ast-hfb-above-header-display":"","ast-hfb-below-header-display":"","ast-hfb-mobile-header-display":"","site-post-title":"disabled","ast-breadcrumbs-content":"","ast-featured-img":"disabled","footer-sml-layout":"","theme-transparent-header-meta":"","adv-header-id-meta":"","stick-header-meta":"","header-above-stick-meta":"","header-main-stick-meta":"","header-below-stick-meta":"","astra-migrate-meta-layouts":"set","ast-page-background-enabled":"default","ast-page-background-meta":{"desktop":{"background-color":"var(--ast-global-color-4)","background-image":"","background-repeat":"repeat","background-position":"center center","background-size":"auto","background-attachment":"scroll","background-type":"","background-media":"","overlay-type":"","overlay-color":"","overlay-opacity":"","overlay-gradient":""},"tablet":{"background-color":"","background-image":"","background-repeat":"repeat","background-position":"center center","background-size":"auto","background-attachment":"scroll","background-type":"","background-media":"","overlay-type":"","overlay-color":"","overlay-opacity":"","overlay-gradient":""},"mobile":{"background-color":"","background-image":"","background-repeat":"repeat","background-position":"center center","background-size":"auto","background-attachment":"scroll","background-type":"","background-media":"","overlay-type":"","overlay-color":"","overlay-opacity":"","overlay-gradient":""}},"ast-content-background-meta":{"desktop":{"background-color":"var(--ast-global-color-5)","background-image":"","background-repeat":"repeat","background-position":"center center","background-size":"auto","background-attachment":"scroll","background-type":"","background-media":"","overlay-type":"","overlay-color":"","overlay-opacity":"","overlay-gradient":""},"tablet":{"background-color":"var(--ast-global-color-5)","background-image":"","background-repeat":"repeat","background-position":"center center","background-size":"auto","background-attachment":"scroll","background-type":"","background-media":"","overlay-type":"","overlay-color":"","overlay-opacity":"","overlay-gradient":""},"mobile":{"background-color":"var(--ast-global-color-5)","background-image":"","background-repeat":"repeat","background-position":"center center","background-size":"auto","background-attachment":"scroll","background-type":"","background-media":"","overlay-type":"","overlay-color":"","overlay-opacity":"","overlay-gradient":""}},"footnotes":""},"class_list":["post-2983","page","type-page","status-publish","hentry"],"yoast_head":"<!-- This site is optimized with the Yoast SEO plugin v26.1 - https:\/\/yoast.com\/wordpress\/plugins\/seo\/ -->\n<title>Cilindros Hidr\u00e1ulicos | Equipos Mineros Chile<\/title>\n<meta name=\"description\" content=\"Puedes comunicarte con Equipos Mineros a trav\u00e9s del Tel\u00e9fono (+56) 2 3296 3779. Direcci\u00f3n: Col\u00f3n 2005, Independencia. Regi\u00f3n Metropolitana. Chile\" \/>\n<meta name=\"robots\" content=\"index, follow, max-snippet:-1, max-image-preview:large, max-video-preview:-1\" \/>\n<link rel=\"canonical\" href=\"https:\/\/emsasigma.com\/en\/catalogo-productos\/cilindros-hidraulicos\/\" \/>\n<meta property=\"og:locale\" content=\"en_US\" \/>\n<meta property=\"og:type\" content=\"article\" \/>\n<meta property=\"og:title\" content=\"Cilindros Hidr\u00e1ulicos | Equipos Mineros Chile\" \/>\n<meta property=\"og:description\" content=\"Puedes comunicarte con Equipos Mineros a trav\u00e9s del Tel\u00e9fono (+56) 2 3296 3779. Direcci\u00f3n: Col\u00f3n 2005, Independencia. Regi\u00f3n Metropolitana. Chile\" \/>\n<meta property=\"og:url\" content=\"https:\/\/emsasigma.com\/en\/catalogo-productos\/cilindros-hidraulicos\/\" \/>\n<meta property=\"og:site_name\" content=\"Equipos Mineros\" \/>\n<meta property=\"article:modified_time\" content=\"2025-09-01T16:32:56+00:00\" \/>\n<meta property=\"og:image\" content=\"https:\/\/emsasigma.com\/wp-content\/uploads\/2025\/09\/DSF6471.webp\" \/>\n<meta name=\"twitter:card\" content=\"summary_large_image\" \/>\n<meta name=\"twitter:label1\" content=\"Est. reading time\" \/>\n\t<meta name=\"twitter:data1\" content=\"1 minute\" \/>\n<script type=\"application\/ld+json\" class=\"yoast-schema-graph\">{\"@context\":\"https:\/\/schema.org\",\"@graph\":[{\"@type\":\"WebPage\",\"@id\":\"https:\/\/emsasigma.com\/catalogo-productos\/cilindros-hidraulicos\/\",\"url\":\"https:\/\/emsasigma.com\/catalogo-productos\/cilindros-hidraulicos\/\",\"name\":\"Cilindros Hidr\u00e1ulicos | Equipos Mineros Chile\",\"isPartOf\":{\"@id\":\"https:\/\/emsasigma.com\/pt\/#website\"},\"primaryImageOfPage\":{\"@id\":\"https:\/\/emsasigma.com\/catalogo-productos\/cilindros-hidraulicos\/#primaryimage\"},\"image\":{\"@id\":\"https:\/\/emsasigma.com\/catalogo-productos\/cilindros-hidraulicos\/#primaryimage\"},\"thumbnailUrl\":\"https:\/\/emsasigma.com\/wp-content\/uploads\/2025\/09\/DSF6471.webp\",\"datePublished\":\"2025-02-12T14:23:47+00:00\",\"dateModified\":\"2025-09-01T16:32:56+00:00\",\"description\":\"Puedes comunicarte con Equipos Mineros a trav\u00e9s del Tel\u00e9fono (+56) 2 3296 3779. Direcci\u00f3n: Col\u00f3n 2005, Independencia. Regi\u00f3n Metropolitana. Chile\",\"breadcrumb\":{\"@id\":\"https:\/\/emsasigma.com\/catalogo-productos\/cilindros-hidraulicos\/#breadcrumb\"},\"inLanguage\":\"en-US\",\"potentialAction\":[{\"@type\":\"ReadAction\",\"target\":[\"https:\/\/emsasigma.com\/catalogo-productos\/cilindros-hidraulicos\/\"]}]},{\"@type\":\"ImageObject\",\"inLanguage\":\"en-US\",\"@id\":\"https:\/\/emsasigma.com\/catalogo-productos\/cilindros-hidraulicos\/#primaryimage\",\"url\":\"https:\/\/emsasigma.com\/wp-content\/uploads\/2025\/09\/DSF6471.webp\",\"contentUrl\":\"https:\/\/emsasigma.com\/wp-content\/uploads\/2025\/09\/DSF6471.webp\"},{\"@type\":\"BreadcrumbList\",\"@id\":\"https:\/\/emsasigma.com\/catalogo-productos\/cilindros-hidraulicos\/#breadcrumb\",\"itemListElement\":[{\"@type\":\"ListItem\",\"position\":1,\"name\":\"Portada\",\"item\":\"https:\/\/emsasigma.com\/\"},{\"@type\":\"ListItem\",\"position\":2,\"name\":\"Cat\u00e1logo de Productos\",\"item\":\"https:\/\/emsasigma.com\/catalogo-productos\/\"},{\"@type\":\"ListItem\",\"position\":3,\"name\":\"Cilindros Hidr\u00e1ulicos\"}]},{\"@type\":\"WebSite\",\"@id\":\"https:\/\/emsasigma.com\/pt\/#website\",\"url\":\"https:\/\/emsasigma.com\/pt\/\",\"name\":\"Equipos Mineros\",\"description\":\"\",\"publisher\":{\"@id\":\"https:\/\/emsasigma.com\/pt\/#organization\"},\"potentialAction\":[{\"@type\":\"SearchAction\",\"target\":{\"@type\":\"EntryPoint\",\"urlTemplate\":\"https:\/\/emsasigma.com\/pt\/?s={search_term_string}\"},\"query-input\":{\"@type\":\"PropertyValueSpecification\",\"valueRequired\":true,\"valueName\":\"search_term_string\"}}],\"inLanguage\":\"en-US\"},{\"@type\":\"Organization\",\"@id\":\"https:\/\/emsasigma.com\/pt\/#organization\",\"name\":\"Equipos Mineros\",\"url\":\"https:\/\/emsasigma.com\/pt\/\",\"logo\":{\"@type\":\"ImageObject\",\"inLanguage\":\"en-US\",\"@id\":\"https:\/\/emsasigma.com\/pt\/#\/schema\/logo\/image\/\",\"url\":\"https:\/\/emsasigma.com\/wp-content\/uploads\/2023\/07\/Favicon.webp\",\"contentUrl\":\"https:\/\/emsasigma.com\/wp-content\/uploads\/2023\/07\/Favicon.webp\",\"width\":500,\"height\":500,\"caption\":\"Equipos Mineros\"},\"image\":{\"@id\":\"https:\/\/emsasigma.com\/pt\/#\/schema\/logo\/image\/\"},\"sameAs\":[\"https:\/\/www.linkedin.com\/company\/equipos-mineros-emsa-ltda\/about\/\"]}]}<\/script>\n<!-- \/ Yoast SEO plugin. -->","yoast_head_json":{"title":"Cilindros Hidr\u00e1ulicos | Equipos Mineros Chile","description":"Puedes comunicarte con Equipos Mineros a trav\u00e9s del Tel\u00e9fono (+56) 2 3296 3779. Direcci\u00f3n: Col\u00f3n 2005, Independencia. Regi\u00f3n Metropolitana. Chile","robots":{"index":"index","follow":"follow","max-snippet":"max-snippet:-1","max-image-preview":"max-image-preview:large","max-video-preview":"max-video-preview:-1"},"canonical":"https:\/\/emsasigma.com\/en\/catalogo-productos\/cilindros-hidraulicos\/","og_locale":"en_US","og_type":"article","og_title":"Cilindros Hidr\u00e1ulicos | Equipos Mineros Chile","og_description":"Puedes comunicarte con Equipos Mineros a trav\u00e9s del Tel\u00e9fono (+56) 2 3296 3779. Direcci\u00f3n: Col\u00f3n 2005, Independencia. Regi\u00f3n Metropolitana. Chile","og_url":"https:\/\/emsasigma.com\/en\/catalogo-productos\/cilindros-hidraulicos\/","og_site_name":"Equipos Mineros","article_modified_time":"2025-09-01T16:32:56+00:00","og_image":[{"url":"https:\/\/emsasigma.com\/wp-content\/uploads\/2025\/09\/DSF6471.webp","type":"","width":"","height":""}],"twitter_card":"summary_large_image","twitter_misc":{"Est. reading time":"1 minute"},"schema":{"@context":"https:\/\/schema.org","@graph":[{"@type":"WebPage","@id":"https:\/\/emsasigma.com\/catalogo-productos\/cilindros-hidraulicos\/","url":"https:\/\/emsasigma.com\/catalogo-productos\/cilindros-hidraulicos\/","name":"Cilindros Hidr\u00e1ulicos | Equipos Mineros Chile","isPartOf":{"@id":"https:\/\/emsasigma.com\/pt\/#website"},"primaryImageOfPage":{"@id":"https:\/\/emsasigma.com\/catalogo-productos\/cilindros-hidraulicos\/#primaryimage"},"image":{"@id":"https:\/\/emsasigma.com\/catalogo-productos\/cilindros-hidraulicos\/#primaryimage"},"thumbnailUrl":"https:\/\/emsasigma.com\/wp-content\/uploads\/2025\/09\/DSF6471.webp","datePublished":"2025-02-12T14:23:47+00:00","dateModified":"2025-09-01T16:32:56+00:00","description":"Puedes comunicarte con Equipos Mineros a trav\u00e9s del Tel\u00e9fono (+56) 2 3296 3779. Direcci\u00f3n: Col\u00f3n 2005, Independencia. Regi\u00f3n Metropolitana. Chile","breadcrumb":{"@id":"https:\/\/emsasigma.com\/catalogo-productos\/cilindros-hidraulicos\/#breadcrumb"},"inLanguage":"en-US","potentialAction":[{"@type":"ReadAction","target":["https:\/\/emsasigma.com\/catalogo-productos\/cilindros-hidraulicos\/"]}]},{"@type":"ImageObject","inLanguage":"en-US","@id":"https:\/\/emsasigma.com\/catalogo-productos\/cilindros-hidraulicos\/#primaryimage","url":"https:\/\/emsasigma.com\/wp-content\/uploads\/2025\/09\/DSF6471.webp","contentUrl":"https:\/\/emsasigma.com\/wp-content\/uploads\/2025\/09\/DSF6471.webp"},{"@type":"BreadcrumbList","@id":"https:\/\/emsasigma.com\/catalogo-productos\/cilindros-hidraulicos\/#breadcrumb","itemListElement":[{"@type":"ListItem","position":1,"name":"Portada","item":"https:\/\/emsasigma.com\/"},{"@type":"ListItem","position":2,"name":"Cat\u00e1logo de Productos","item":"https:\/\/emsasigma.com\/catalogo-productos\/"},{"@type":"ListItem","position":3,"name":"Cilindros Hidr\u00e1ulicos"}]},{"@type":"WebSite","@id":"https:\/\/emsasigma.com\/pt\/#website","url":"https:\/\/emsasigma.com\/pt\/","name":"Equipos Mineros","description":"","publisher":{"@id":"https:\/\/emsasigma.com\/pt\/#organization"},"potentialAction":[{"@type":"SearchAction","target":{"@type":"EntryPoint","urlTemplate":"https:\/\/emsasigma.com\/pt\/?s={search_term_string}"},"query-input":{"@type":"PropertyValueSpecification","valueRequired":true,"valueName":"search_term_string"}}],"inLanguage":"en-US"},{"@type":"Organization","@id":"https:\/\/emsasigma.com\/pt\/#organization","name":"Equipos Mineros","url":"https:\/\/emsasigma.com\/pt\/","logo":{"@type":"ImageObject","inLanguage":"en-US","@id":"https:\/\/emsasigma.com\/pt\/#\/schema\/logo\/image\/","url":"https:\/\/emsasigma.com\/wp-content\/uploads\/2023\/07\/Favicon.webp","contentUrl":"https:\/\/emsasigma.com\/wp-content\/uploads\/2023\/07\/Favicon.webp","width":500,"height":500,"caption":"Equipos Mineros"},"image":{"@id":"https:\/\/emsasigma.com\/pt\/#\/schema\/logo\/image\/"},"sameAs":["https:\/\/www.linkedin.com\/company\/equipos-mineros-emsa-ltda\/about\/"]}]}},"_links":{"self":[{"href":"https:\/\/emsasigma.com\/en\/wp-json\/wp\/v2\/pages\/2983","targetHints":{"allow":["GET"]}}],"collection":[{"href":"https:\/\/emsasigma.com\/en\/wp-json\/wp\/v2\/pages"}],"about":[{"href":"https:\/\/emsasigma.com\/en\/wp-json\/wp\/v2\/types\/page"}],"author":[{"embeddable":true,"href":"https:\/\/emsasigma.com\/en\/wp-json\/wp\/v2\/users\/7"}],"replies":[{"embeddable":true,"href":"https:\/\/emsasigma.com\/en\/wp-json\/wp\/v2\/comments?post=2983"}],"version-history":[{"count":42,"href":"https:\/\/emsasigma.com\/en\/wp-json\/wp\/v2\/pages\/2983\/revisions"}],"predecessor-version":[{"id":4429,"href":"https:\/\/emsasigma.com\/en\/wp-json\/wp\/v2\/pages\/2983\/revisions\/4429"}],"up":[{"embeddable":true,"href":"https:\/\/emsasigma.com\/en\/wp-json\/wp\/v2\/pages\/2736"}],"wp:attachment":[{"href":"https:\/\/emsasigma.com\/en\/wp-json\/wp\/v2\/media?parent=2983"}],"curies":[{"name":"wp","href":"https:\/\/api.w.org\/{rel}","templated":true}]}}